{"id":28145,"date":"2021-08-02T10:28:15","date_gmt":"2021-08-02T10:28:15","guid":{"rendered":"https:\/\/fatpipe.fi\/?page_id=28145"},"modified":"2022-07-26T06:32:42","modified_gmt":"2022-07-26T06:32:42","slug":"blade-materials","status":"publish","type":"page","link":"https:\/\/fatpipe.fi\/fi\/blade-materials\/","title":{"rendered":"Lapamateriaalit"},"content":{"rendered":"<div data-elementor-type=\"wp-page\" data-elementor-id=\"28145\" class=\"elementor elementor-28145\" data-elementor-post-type=\"page\">\n\t\t\t\t\t\t<section class=\"elementor-section elementor-top-section elementor-element elementor-element-4c46ae0 elementor-section-height-min-height elementor-section-boxed elementor-section-height-default elementor-section-items-middle\" data-id=\"4c46ae0\" data-element_type=\"section\" data-e-type=\"section\">\n\t\t\t\t\t\t<div class=\"elementor-container elementor-column-gap-default\">\n\t\t\t\t\t<div class=\"elementor-column elementor-col-100 elementor-top-column elementor-element elementor-element-1472d79\" data-id=\"1472d79\" data-element_type=\"column\" data-e-type=\"column\">\n\t\t\t<div class=\"elementor-widget-wrap elementor-element-populated\">\n\t\t\t\t\t\t<div class=\"elementor-element elementor-element-c8a9cd7 elementor-widget elementor-widget-heading\" data-id=\"c8a9cd7\" data-element_type=\"widget\" data-e-type=\"widget\" data-widget_type=\"heading.default\">\n\t\t\t\t<div class=\"elementor-widget-container\">\n\t\t\t\t\t<h1 class=\"elementor-heading-title elementor-size-default\">Lapamateriaalit<\/h1>\t\t\t\t<\/div>\n\t\t\t\t<\/div>\n\t\t\t\t<section class=\"elementor-section elementor-inner-section elementor-element elementor-element-928823d elementor-section-boxed elementor-section-height-default elementor-section-height-default\" data-id=\"928823d\" data-element_type=\"section\" data-e-type=\"section\">\n\t\t\t\t\t\t<div class=\"elementor-container elementor-column-gap-default\">\n\t\t\t\t\t<div class=\"elementor-column elementor-col-33 elementor-inner-column elementor-element elementor-element-55deec4\" data-id=\"55deec4\" data-element_type=\"column\" data-e-type=\"column\" data-settings=\"{&quot;background_background&quot;:&quot;classic&quot;}\">\n\t\t\t<div class=\"elementor-widget-wrap elementor-element-populated\">\n\t\t\t\t\t\t<div class=\"elementor-element elementor-element-dcdd4a3 elementor-widget elementor-widget-spacer\" data-id=\"dcdd4a3\" data-element_type=\"widget\" data-e-type=\"widget\" data-widget_type=\"spacer.default\">\n\t\t\t\t<div class=\"elementor-widget-container\">\n\t\t\t\t\t\t\t<div class=\"elementor-spacer\">\n\t\t\t<div class=\"elementor-spacer-inner\"><\/div>\n\t\t<\/div>\n\t\t\t\t\t\t<\/div>\n\t\t\t\t<\/div>\n\t\t\t\t<div class=\"elementor-element elementor-element-0f13289 shadow elementor-widget elementor-widget-image\" data-id=\"0f13289\" data-element_type=\"widget\" data-e-type=\"widget\" data-widget_type=\"image.default\">\n\t\t\t\t<div class=\"elementor-widget-container\">\n\t\t\t\t\t\t\t\t\t\t\t\t\t\t\t<img fetchpriority=\"high\" decoding=\"async\" width=\"663\" height=\"250\" src=\"https:\/\/fatpipe.fi\/wp-content\/uploads\/2021\/08\/blades-02-1.png\" class=\"attachment-large size-large wp-image-28236\" alt=\"\" srcset=\"https:\/\/fatpipe.fi\/wp-content\/uploads\/2021\/08\/blades-02-1.png 663w, https:\/\/fatpipe.fi\/wp-content\/uploads\/2021\/08\/blades-02-1-300x113.png 300w, https:\/\/fatpipe.fi\/wp-content\/uploads\/2021\/08\/blades-02-1-200x75.png 200w, https:\/\/fatpipe.fi\/wp-content\/uploads\/2021\/08\/blades-02-1-16x6.png 16w, https:\/\/fatpipe.fi\/wp-content\/uploads\/2021\/08\/blades-02-1-24x9.png 24w, https:\/\/fatpipe.fi\/wp-content\/uploads\/2021\/08\/blades-02-1-36x14.png 36w, https:\/\/fatpipe.fi\/wp-content\/uploads\/2021\/08\/blades-02-1-48x18.png 48w\" sizes=\"(max-width: 663px) 100vw, 663px\" \/>\t\t\t\t\t\t\t\t\t\t\t\t\t\t\t<\/div>\n\t\t\t\t<\/div>\n\t\t\t\t<div class=\"elementor-element elementor-element-98841a8 elementor-widget elementor-widget-spacer\" data-id=\"98841a8\" data-element_type=\"widget\" data-e-type=\"widget\" data-widget_type=\"spacer.default\">\n\t\t\t\t<div class=\"elementor-widget-container\">\n\t\t\t\t\t\t\t<div class=\"elementor-spacer\">\n\t\t\t<div class=\"elementor-spacer-inner\"><\/div>\n\t\t<\/div>\n\t\t\t\t\t\t<\/div>\n\t\t\t\t<\/div>\n\t\t\t\t<div class=\"elementor-element elementor-element-ac37eda elementor-widget elementor-widget-heading\" data-id=\"ac37eda\" data-element_type=\"widget\" data-e-type=\"widget\" data-widget_type=\"heading.default\">\n\t\t\t\t<div class=\"elementor-widget-container\">\n\t\t\t\t\t<h2 class=\"elementor-heading-title elementor-size-default\">PE<\/h2>\t\t\t\t<\/div>\n\t\t\t\t<\/div>\n\t\t\t\t<div class=\"elementor-element elementor-element-f1e0634 elementor-widget elementor-widget-text-editor\" data-id=\"f1e0634\" data-element_type=\"widget\" data-e-type=\"widget\" data-widget_type=\"text-editor.default\">\n\t\t\t\t<div class=\"elementor-widget-container\">\n\t\t\t\t\t\t\t\t\t<p>Se perinteinen. Polyeteeni on kest\u00e4v\u00e4 ja keskij\u00e4ykk\u00e4 materiaali hyv\u00e4ll\u00e4 pallokosketuksella. Polyeteeni liukuu parhaiten jokaisella alustalla.<\/p>\t\t\t\t\t\t\t\t<\/div>\n\t\t\t\t<\/div>\n\t\t\t\t\t<\/div>\n\t\t<\/div>\n\t\t\t\t<div class=\"elementor-column elementor-col-33 elementor-inner-column elementor-element elementor-element-2d3270c\" data-id=\"2d3270c\" data-element_type=\"column\" data-e-type=\"column\" data-settings=\"{&quot;background_background&quot;:&quot;classic&quot;}\">\n\t\t\t<div class=\"elementor-widget-wrap elementor-element-populated\">\n\t\t\t\t\t\t<div class=\"elementor-element elementor-element-9e3005c elementor-widget elementor-widget-spacer\" data-id=\"9e3005c\" data-element_type=\"widget\" data-e-type=\"widget\" data-widget_type=\"spacer.default\">\n\t\t\t\t<div class=\"elementor-widget-container\">\n\t\t\t\t\t\t\t<div class=\"elementor-spacer\">\n\t\t\t<div class=\"elementor-spacer-inner\"><\/div>\n\t\t<\/div>\n\t\t\t\t\t\t<\/div>\n\t\t\t\t<\/div>\n\t\t\t\t<div class=\"elementor-element elementor-element-a0a38b7 shadow elementor-widget elementor-widget-image\" data-id=\"a0a38b7\" data-element_type=\"widget\" data-e-type=\"widget\" data-widget_type=\"image.default\">\n\t\t\t\t<div class=\"elementor-widget-container\">\n\t\t\t\t\t\t\t\t\t\t\t\t\t\t\t<img decoding=\"async\" width=\"663\" height=\"250\" src=\"https:\/\/fatpipe.fi\/wp-content\/uploads\/2021\/08\/blades-03-1.png\" class=\"attachment-large size-large wp-image-28237\" alt=\"\" srcset=\"https:\/\/fatpipe.fi\/wp-content\/uploads\/2021\/08\/blades-03-1.png 663w, https:\/\/fatpipe.fi\/wp-content\/uploads\/2021\/08\/blades-03-1-300x113.png 300w, https:\/\/fatpipe.fi\/wp-content\/uploads\/2021\/08\/blades-03-1-200x75.png 200w, https:\/\/fatpipe.fi\/wp-content\/uploads\/2021\/08\/blades-03-1-16x6.png 16w, https:\/\/fatpipe.fi\/wp-content\/uploads\/2021\/08\/blades-03-1-24x9.png 24w, https:\/\/fatpipe.fi\/wp-content\/uploads\/2021\/08\/blades-03-1-36x14.png 36w, https:\/\/fatpipe.fi\/wp-content\/uploads\/2021\/08\/blades-03-1-48x18.png 48w\" sizes=\"(max-width: 663px) 100vw, 663px\" \/>\t\t\t\t\t\t\t\t\t\t\t\t\t\t\t<\/div>\n\t\t\t\t<\/div>\n\t\t\t\t<div class=\"elementor-element elementor-element-4fdab8f elementor-widget elementor-widget-spacer\" data-id=\"4fdab8f\" data-element_type=\"widget\" data-e-type=\"widget\" data-widget_type=\"spacer.default\">\n\t\t\t\t<div class=\"elementor-widget-container\">\n\t\t\t\t\t\t\t<div class=\"elementor-spacer\">\n\t\t\t<div class=\"elementor-spacer-inner\"><\/div>\n\t\t<\/div>\n\t\t\t\t\t\t<\/div>\n\t\t\t\t<\/div>\n\t\t\t\t<div class=\"elementor-element elementor-element-936c025 elementor-widget elementor-widget-heading\" data-id=\"936c025\" data-element_type=\"widget\" data-e-type=\"widget\" data-widget_type=\"heading.default\">\n\t\t\t\t<div class=\"elementor-widget-container\">\n\t\t\t\t\t<h2 class=\"elementor-heading-title elementor-size-default\">PP BOOST<\/h2>\t\t\t\t<\/div>\n\t\t\t\t<\/div>\n\t\t\t\t<div class=\"elementor-element elementor-element-f7377f2 elementor-widget elementor-widget-text-editor\" data-id=\"f7377f2\" data-element_type=\"widget\" data-e-type=\"widget\" data-widget_type=\"text-editor.default\">\n\t\t\t\t<div class=\"elementor-widget-container\">\n\t\t\t\t\t\t\t\t\t<p>PP Boostattuna! PP Boost lapamateriaali vie PP-lavat uudelle tasolla. PP Boost on liukkaampi ja j\u00e4ykempi kuin tavallinen PP s\u00e4ilytt\u00e4en kuitenkin saman ultimaattinen pallokosketuksen.<\/p><p>PP Boostin ultimaattinen pallokosketus ultimaattisiin harhautuksiin. Polypropeeni materiaali pit\u00e4\u00e4 muotonsa hyvin, mutta vaatii hyv\u00e4n l\u00e4mmityksen k\u00e4yristett\u00e4ess\u00e4 lapaa. PP Boost on kest\u00e4v\u00e4 ja keskij\u00e4ykk\u00e4 materiaali ultimaattisella pallokosketuksella<\/p>\t\t\t\t\t\t\t\t<\/div>\n\t\t\t\t<\/div>\n\t\t\t\t\t<\/div>\n\t\t<\/div>\n\t\t\t\t<div class=\"elementor-column elementor-col-33 elementor-inner-column elementor-element elementor-element-2130984\" data-id=\"2130984\" data-element_type=\"column\" data-e-type=\"column\" data-settings=\"{&quot;background_background&quot;:&quot;classic&quot;}\">\n\t\t\t<div class=\"elementor-widget-wrap elementor-element-populated\">\n\t\t\t\t\t\t<div class=\"elementor-element elementor-element-10b6f3c elementor-widget elementor-widget-spacer\" data-id=\"10b6f3c\" data-element_type=\"widget\" data-e-type=\"widget\" data-widget_type=\"spacer.default\">\n\t\t\t\t<div class=\"elementor-widget-container\">\n\t\t\t\t\t\t\t<div class=\"elementor-spacer\">\n\t\t\t<div class=\"elementor-spacer-inner\"><\/div>\n\t\t<\/div>\n\t\t\t\t\t\t<\/div>\n\t\t\t\t<\/div>\n\t\t\t\t<div class=\"elementor-element elementor-element-da24bb7 shadow elementor-widget elementor-widget-image\" data-id=\"da24bb7\" data-element_type=\"widget\" data-e-type=\"widget\" data-widget_type=\"image.default\">\n\t\t\t\t<div class=\"elementor-widget-container\">\n\t\t\t\t\t\t\t\t\t\t\t\t\t\t\t<img decoding=\"async\" width=\"663\" height=\"250\" src=\"https:\/\/fatpipe.fi\/wp-content\/uploads\/2021\/08\/blades-04-1.png\" class=\"attachment-large size-large wp-image-28238\" alt=\"\" srcset=\"https:\/\/fatpipe.fi\/wp-content\/uploads\/2021\/08\/blades-04-1.png 663w, https:\/\/fatpipe.fi\/wp-content\/uploads\/2021\/08\/blades-04-1-300x113.png 300w, https:\/\/fatpipe.fi\/wp-content\/uploads\/2021\/08\/blades-04-1-200x75.png 200w, https:\/\/fatpipe.fi\/wp-content\/uploads\/2021\/08\/blades-04-1-16x6.png 16w, https:\/\/fatpipe.fi\/wp-content\/uploads\/2021\/08\/blades-04-1-24x9.png 24w, https:\/\/fatpipe.fi\/wp-content\/uploads\/2021\/08\/blades-04-1-36x14.png 36w, https:\/\/fatpipe.fi\/wp-content\/uploads\/2021\/08\/blades-04-1-48x18.png 48w\" sizes=\"(max-width: 663px) 100vw, 663px\" \/>\t\t\t\t\t\t\t\t\t\t\t\t\t\t\t<\/div>\n\t\t\t\t<\/div>\n\t\t\t\t<div class=\"elementor-element elementor-element-513c6b0 elementor-widget elementor-widget-spacer\" data-id=\"513c6b0\" data-element_type=\"widget\" data-e-type=\"widget\" data-widget_type=\"spacer.default\">\n\t\t\t\t<div class=\"elementor-widget-container\">\n\t\t\t\t\t\t\t<div class=\"elementor-spacer\">\n\t\t\t<div class=\"elementor-spacer-inner\"><\/div>\n\t\t<\/div>\n\t\t\t\t\t\t<\/div>\n\t\t\t\t<\/div>\n\t\t\t\t<div class=\"elementor-element elementor-element-a4cfd71 elementor-widget elementor-widget-heading\" data-id=\"a4cfd71\" data-element_type=\"widget\" data-e-type=\"widget\" data-widget_type=\"heading.default\">\n\t\t\t\t<div class=\"elementor-widget-container\">\n\t\t\t\t\t<h2 class=\"elementor-heading-title elementor-size-default\">PP HARD<\/h2>\t\t\t\t<\/div>\n\t\t\t\t<\/div>\n\t\t\t\t<div class=\"elementor-element elementor-element-c36a4ae elementor-widget elementor-widget-text-editor\" data-id=\"c36a4ae\" data-element_type=\"widget\" data-e-type=\"widget\" data-widget_type=\"text-editor.default\">\n\t\t\t\t<div class=\"elementor-widget-container\">\n\t\t\t\t\t\t\t\t\t<p>PP Hard on 20% j\u00e4ykempi ja liukkaampi kuin PP Boost, s\u00e4ilytt\u00e4en PP lavoista tutun hyv\u00e4n pallokosketuksen.<\/p><p>Polypropeeni materiaali pit\u00e4\u00e4 muotonsa hyvin, mutta vaatii hyv\u00e4n l\u00e4mmityksen k\u00e4yristett\u00e4ess\u00e4 lapaa. PP Hard on kest\u00e4v\u00e4 ja j\u00e4ykk\u00e4 materiaali hyv\u00e4ll\u00e4 pallokosketuksella<\/p>\t\t\t\t\t\t\t\t<\/div>\n\t\t\t\t<\/div>\n\t\t\t\t\t<\/div>\n\t\t<\/div>\n\t\t\t\t\t<\/div>\n\t\t<\/section>\n\t\t\t\t\t<\/div>\n\t\t<\/div>\n\t\t\t\t\t<\/div>\n\t\t<\/section>\n\t\t\t\t<\/div>","protected":false},"excerpt":{"rendered":"<p>Blade materials PE The regular one. Polyethylene material is durable and medium stiff material with good ball control. The most slippery material. PP BOOST PP Boosted! Our PP Boost blade material takes PP blades to the next level. PP Boost is more slippery and stiffer than regular PP, \u00a0but with same ultimate ball control. PP [&hellip;]<\/p>\n","protected":false},"author":2,"featured_media":0,"parent":0,"menu_order":0,"comment_status":"closed","ping_status":"closed","template":"elementor_header_footer","meta":{"_acf_changed":false,"footnotes":""},"class_list":["post-28145","page","type-page","status-publish","hentry"],"acf":[],"yoast_head":"<!-- This site is optimized with the Yoast SEO plugin v27.4 - https:\/\/yoast.com\/product\/yoast-seo-wordpress\/ -->\n<title>Blade materials - Fat Pipe<\/title>\n<meta name=\"description\" content=\"Official Fat Pipe website. Finnish floorball brand Fat Pipe, founded 1996 in Helsinki\/FIN. There&#039;s no pipe like Fat Pipe.\" \/>\n<meta name=\"robots\" content=\"index, follow, max-snippet:-1, max-image-preview:large, max-video-preview:-1\" \/>\n<link rel=\"canonical\" href=\"https:\/\/fatpipe.fi\/fi\/blade-materials\/\" \/>\n<meta property=\"og:locale\" content=\"fi_FI\" \/>\n<meta property=\"og:type\" content=\"article\" \/>\n<meta property=\"og:title\" content=\"Blade materials - Fat Pipe\" \/>\n<meta property=\"og:description\" content=\"Official Fat Pipe website. Finnish floorball brand Fat Pipe, founded 1996 in Helsinki\/FIN. There&#039;s no pipe like Fat Pipe.\" \/>\n<meta property=\"og:url\" content=\"https:\/\/fatpipe.fi\/fi\/blade-materials\/\" \/>\n<meta property=\"og:site_name\" content=\"Fat Pipe\" \/>\n<meta property=\"article:publisher\" content=\"https:\/\/www.facebook.com\/FatPipeFactory\/\" \/>\n<meta property=\"article:modified_time\" content=\"2022-07-26T06:32:42+00:00\" \/>\n<meta property=\"og:image\" content=\"https:\/\/fatpipe.fi\/wp-content\/uploads\/2021\/08\/blades-02-1.png\" \/>\n<meta name=\"twitter:card\" content=\"summary_large_image\" \/>\n<meta name=\"twitter:site\" content=\"@FatPipeFactory\" \/>\n<meta name=\"twitter:label1\" content=\"Arvioitu lukuaika\" \/>\n\t<meta name=\"twitter:data1\" content=\"2 minuuttia\" \/>\n<script type=\"application\/ld+json\" class=\"yoast-schema-graph\">{\"@context\":\"https:\\\/\\\/schema.org\",\"@graph\":[{\"@type\":\"WebPage\",\"@id\":\"https:\\\/\\\/fatpipe.fi\\\/blade-materials\\\/\",\"url\":\"https:\\\/\\\/fatpipe.fi\\\/blade-materials\\\/\",\"name\":\"Blade materials - Fat Pipe\",\"isPartOf\":{\"@id\":\"https:\\\/\\\/fatpipe.fi\\\/fi\\\/#website\"},\"primaryImageOfPage\":{\"@id\":\"https:\\\/\\\/fatpipe.fi\\\/blade-materials\\\/#primaryimage\"},\"image\":{\"@id\":\"https:\\\/\\\/fatpipe.fi\\\/blade-materials\\\/#primaryimage\"},\"thumbnailUrl\":\"https:\\\/\\\/fatpipe.fi\\\/wp-content\\\/uploads\\\/2021\\\/08\\\/blades-02-1.png\",\"datePublished\":\"2021-08-02T10:28:15+00:00\",\"dateModified\":\"2022-07-26T06:32:42+00:00\",\"description\":\"Official Fat Pipe website. Finnish floorball brand Fat Pipe, founded 1996 in Helsinki\\\/FIN. There's no pipe like Fat Pipe.\",\"breadcrumb\":{\"@id\":\"https:\\\/\\\/fatpipe.fi\\\/blade-materials\\\/#breadcrumb\"},\"inLanguage\":\"fi\",\"potentialAction\":[{\"@type\":\"ReadAction\",\"target\":[\"https:\\\/\\\/fatpipe.fi\\\/blade-materials\\\/\"]}]},{\"@type\":\"ImageObject\",\"inLanguage\":\"fi\",\"@id\":\"https:\\\/\\\/fatpipe.fi\\\/blade-materials\\\/#primaryimage\",\"url\":\"https:\\\/\\\/fatpipe.fi\\\/wp-content\\\/uploads\\\/2021\\\/08\\\/blades-02-1.png\",\"contentUrl\":\"https:\\\/\\\/fatpipe.fi\\\/wp-content\\\/uploads\\\/2021\\\/08\\\/blades-02-1.png\"},{\"@type\":\"BreadcrumbList\",\"@id\":\"https:\\\/\\\/fatpipe.fi\\\/blade-materials\\\/#breadcrumb\",\"itemListElement\":[{\"@type\":\"ListItem\",\"position\":1,\"name\":\"Home\",\"item\":\"https:\\\/\\\/fatpipe.fi\\\/\"},{\"@type\":\"ListItem\",\"position\":2,\"name\":\"Blade materials\"}]},{\"@type\":\"WebSite\",\"@id\":\"https:\\\/\\\/fatpipe.fi\\\/fi\\\/#website\",\"url\":\"https:\\\/\\\/fatpipe.fi\\\/fi\\\/\",\"name\":\"Fat Pipe\",\"description\":\"\",\"publisher\":{\"@id\":\"https:\\\/\\\/fatpipe.fi\\\/fi\\\/#organization\"},\"potentialAction\":[{\"@type\":\"SearchAction\",\"target\":{\"@type\":\"EntryPoint\",\"urlTemplate\":\"https:\\\/\\\/fatpipe.fi\\\/fi\\\/?s={search_term_string}\"},\"query-input\":{\"@type\":\"PropertyValueSpecification\",\"valueRequired\":true,\"valueName\":\"search_term_string\"}}],\"inLanguage\":\"fi\"},{\"@type\":\"Organization\",\"@id\":\"https:\\\/\\\/fatpipe.fi\\\/fi\\\/#organization\",\"name\":\"Fat Pipe\",\"url\":\"https:\\\/\\\/fatpipe.fi\\\/fi\\\/\",\"logo\":{\"@type\":\"ImageObject\",\"inLanguage\":\"fi\",\"@id\":\"https:\\\/\\\/fatpipe.fi\\\/fi\\\/#\\\/schema\\\/logo\\\/image\\\/\",\"url\":\"https:\\\/\\\/fatpipe.fi\\\/wp-content\\\/uploads\\\/2020\\\/05\\\/FP-black-01.svg\",\"contentUrl\":\"https:\\\/\\\/fatpipe.fi\\\/wp-content\\\/uploads\\\/2020\\\/05\\\/FP-black-01.svg\",\"width\":679,\"height\":519,\"caption\":\"Fat Pipe\"},\"image\":{\"@id\":\"https:\\\/\\\/fatpipe.fi\\\/fi\\\/#\\\/schema\\\/logo\\\/image\\\/\"},\"sameAs\":[\"https:\\\/\\\/www.facebook.com\\\/FatPipeFactory\\\/\",\"https:\\\/\\\/x.com\\\/FatPipeFactory\",\"https:\\\/\\\/www.instagram.com\\\/fatpipefactory\\\/\",\"https:\\\/\\\/www.youtube.com\\\/user\\\/FatPipeFinland\"]}]}<\/script>\n<!-- \/ Yoast SEO plugin. -->","yoast_head_json":{"title":"Blade materials - Fat Pipe","description":"Official Fat Pipe website. Finnish floorball brand Fat Pipe, founded 1996 in Helsinki\/FIN. There's no pipe like Fat Pipe.","robots":{"index":"index","follow":"follow","max-snippet":"max-snippet:-1","max-image-preview":"max-image-preview:large","max-video-preview":"max-video-preview:-1"},"canonical":"https:\/\/fatpipe.fi\/fi\/blade-materials\/","og_locale":"fi_FI","og_type":"article","og_title":"Blade materials - Fat Pipe","og_description":"Official Fat Pipe website. Finnish floorball brand Fat Pipe, founded 1996 in Helsinki\/FIN. There's no pipe like Fat Pipe.","og_url":"https:\/\/fatpipe.fi\/fi\/blade-materials\/","og_site_name":"Fat Pipe","article_publisher":"https:\/\/www.facebook.com\/FatPipeFactory\/","article_modified_time":"2022-07-26T06:32:42+00:00","og_image":[{"url":"https:\/\/fatpipe.fi\/wp-content\/uploads\/2021\/08\/blades-02-1.png","type":"","width":"","height":""}],"twitter_card":"summary_large_image","twitter_site":"@FatPipeFactory","twitter_misc":{"Arvioitu lukuaika":"2 minuuttia"},"schema":{"@context":"https:\/\/schema.org","@graph":[{"@type":"WebPage","@id":"https:\/\/fatpipe.fi\/blade-materials\/","url":"https:\/\/fatpipe.fi\/blade-materials\/","name":"Blade materials - Fat Pipe","isPartOf":{"@id":"https:\/\/fatpipe.fi\/fi\/#website"},"primaryImageOfPage":{"@id":"https:\/\/fatpipe.fi\/blade-materials\/#primaryimage"},"image":{"@id":"https:\/\/fatpipe.fi\/blade-materials\/#primaryimage"},"thumbnailUrl":"https:\/\/fatpipe.fi\/wp-content\/uploads\/2021\/08\/blades-02-1.png","datePublished":"2021-08-02T10:28:15+00:00","dateModified":"2022-07-26T06:32:42+00:00","description":"Official Fat Pipe website. Finnish floorball brand Fat Pipe, founded 1996 in Helsinki\/FIN. There's no pipe like Fat Pipe.","breadcrumb":{"@id":"https:\/\/fatpipe.fi\/blade-materials\/#breadcrumb"},"inLanguage":"fi","potentialAction":[{"@type":"ReadAction","target":["https:\/\/fatpipe.fi\/blade-materials\/"]}]},{"@type":"ImageObject","inLanguage":"fi","@id":"https:\/\/fatpipe.fi\/blade-materials\/#primaryimage","url":"https:\/\/fatpipe.fi\/wp-content\/uploads\/2021\/08\/blades-02-1.png","contentUrl":"https:\/\/fatpipe.fi\/wp-content\/uploads\/2021\/08\/blades-02-1.png"},{"@type":"BreadcrumbList","@id":"https:\/\/fatpipe.fi\/blade-materials\/#breadcrumb","itemListElement":[{"@type":"ListItem","position":1,"name":"Home","item":"https:\/\/fatpipe.fi\/"},{"@type":"ListItem","position":2,"name":"Blade materials"}]},{"@type":"WebSite","@id":"https:\/\/fatpipe.fi\/fi\/#website","url":"https:\/\/fatpipe.fi\/fi\/","name":"Fat Pipe","description":"","publisher":{"@id":"https:\/\/fatpipe.fi\/fi\/#organization"},"potentialAction":[{"@type":"SearchAction","target":{"@type":"EntryPoint","urlTemplate":"https:\/\/fatpipe.fi\/fi\/?s={search_term_string}"},"query-input":{"@type":"PropertyValueSpecification","valueRequired":true,"valueName":"search_term_string"}}],"inLanguage":"fi"},{"@type":"Organization","@id":"https:\/\/fatpipe.fi\/fi\/#organization","name":"Fat Pipe","url":"https:\/\/fatpipe.fi\/fi\/","logo":{"@type":"ImageObject","inLanguage":"fi","@id":"https:\/\/fatpipe.fi\/fi\/#\/schema\/logo\/image\/","url":"https:\/\/fatpipe.fi\/wp-content\/uploads\/2020\/05\/FP-black-01.svg","contentUrl":"https:\/\/fatpipe.fi\/wp-content\/uploads\/2020\/05\/FP-black-01.svg","width":679,"height":519,"caption":"Fat Pipe"},"image":{"@id":"https:\/\/fatpipe.fi\/fi\/#\/schema\/logo\/image\/"},"sameAs":["https:\/\/www.facebook.com\/FatPipeFactory\/","https:\/\/x.com\/FatPipeFactory","https:\/\/www.instagram.com\/fatpipefactory\/","https:\/\/www.youtube.com\/user\/FatPipeFinland"]}]}},"_links":{"self":[{"href":"https:\/\/fatpipe.fi\/fi\/wp-json\/wp\/v2\/pages\/28145","targetHints":{"allow":["GET"]}}],"collection":[{"href":"https:\/\/fatpipe.fi\/fi\/wp-json\/wp\/v2\/pages"}],"about":[{"href":"https:\/\/fatpipe.fi\/fi\/wp-json\/wp\/v2\/types\/page"}],"author":[{"embeddable":true,"href":"https:\/\/fatpipe.fi\/fi\/wp-json\/wp\/v2\/users\/2"}],"replies":[{"embeddable":true,"href":"https:\/\/fatpipe.fi\/fi\/wp-json\/wp\/v2\/comments?post=28145"}],"version-history":[{"count":0,"href":"https:\/\/fatpipe.fi\/fi\/wp-json\/wp\/v2\/pages\/28145\/revisions"}],"wp:attachment":[{"href":"https:\/\/fatpipe.fi\/fi\/wp-json\/wp\/v2\/media?parent=28145"}],"curies":[{"name":"wp","href":"https:\/\/api.w.org\/{rel}","templated":true}]}}