{"id":34840,"date":"2024-12-12T09:53:14","date_gmt":"2024-12-12T09:53:14","guid":{"rendered":"https:\/\/fatpipe.fi\/?page_id=34840"},"modified":"2025-02-25T08:40:58","modified_gmt":"2025-02-25T08:40:58","slug":"rekry","status":"publish","type":"page","link":"https:\/\/fatpipe.fi\/fi\/rekry\/","title":{"rendered":"Hae seuramyyj\u00e4ksi Fat Pipelle!"},"content":{"rendered":"<div data-elementor-type=\"wp-page\" data-elementor-id=\"34840\" class=\"elementor elementor-34840\" data-elementor-post-type=\"page\">\n\t\t\t\t<div class=\"elementor-element elementor-element-35258ec2 e-flex e-con-boxed e-con e-parent\" data-id=\"35258ec2\" data-element_type=\"container\" data-e-type=\"container\">\n\t\t\t\t\t<div class=\"e-con-inner\">\n\t\t\t\t<div class=\"elementor-element elementor-element-dce84f8 elementor-widget elementor-widget-image\" data-id=\"dce84f8\" data-element_type=\"widget\" data-e-type=\"widget\" data-widget_type=\"image.default\">\n\t\t\t\t<div class=\"elementor-widget-container\">\n\t\t\t\t\t\t\t\t\t\t\t\t\t\t\t<img fetchpriority=\"high\" decoding=\"async\" width=\"2048\" height=\"1367\" src=\"https:\/\/fatpipe.fi\/wp-content\/uploads\/2024\/12\/FP-photoshoot-24-25-factory-30-2048x1367.jpg\" class=\"attachment-2048x2048 size-2048x2048 wp-image-34868\" alt=\"\" srcset=\"https:\/\/fatpipe.fi\/wp-content\/uploads\/2024\/12\/FP-photoshoot-24-25-factory-30-2048x1367.jpg 2048w, https:\/\/fatpipe.fi\/wp-content\/uploads\/2024\/12\/FP-photoshoot-24-25-factory-30-300x200.jpg 300w, https:\/\/fatpipe.fi\/wp-content\/uploads\/2024\/12\/FP-photoshoot-24-25-factory-30-1024x684.jpg 1024w, https:\/\/fatpipe.fi\/wp-content\/uploads\/2024\/12\/FP-photoshoot-24-25-factory-30-200x133.jpg 200w, https:\/\/fatpipe.fi\/wp-content\/uploads\/2024\/12\/FP-photoshoot-24-25-factory-30-768x513.jpg 768w, https:\/\/fatpipe.fi\/wp-content\/uploads\/2024\/12\/FP-photoshoot-24-25-factory-30-1536x1025.jpg 1536w, https:\/\/fatpipe.fi\/wp-content\/uploads\/2024\/12\/FP-photoshoot-24-25-factory-30-18x12.jpg 18w, https:\/\/fatpipe.fi\/wp-content\/uploads\/2024\/12\/FP-photoshoot-24-25-factory-30-1200x801.jpg 1200w\" sizes=\"(max-width: 2048px) 100vw, 2048px\" \/>\t\t\t\t\t\t\t\t\t\t\t\t\t\t\t<\/div>\n\t\t\t\t<\/div>\n\t\t\t\t<div class=\"elementor-element elementor-element-31472ac elementor-widget elementor-widget-image\" data-id=\"31472ac\" data-element_type=\"widget\" data-e-type=\"widget\" data-widget_type=\"image.default\">\n\t\t\t\t<div class=\"elementor-widget-container\">\n\t\t\t\t\t\t\t\t\t\t\t\t\t\t\t<img decoding=\"async\" width=\"939\" height=\"126\" src=\"https:\/\/fatpipe.fi\/wp-content\/uploads\/2018\/07\/FAT-PIPE-text-black-01.svg\" class=\"attachment-full size-full wp-image-15314\" alt=\"\" \/>\t\t\t\t\t\t\t\t\t\t\t\t\t\t\t<\/div>\n\t\t\t\t<\/div>\n\t\t\t\t<div class=\"elementor-element elementor-element-fbe82ce elementor-widget elementor-widget-heading\" data-id=\"fbe82ce\" data-element_type=\"widget\" data-e-type=\"widget\" data-widget_type=\"heading.default\">\n\t\t\t\t<div class=\"elementor-widget-container\">\n\t\t\t\t\t<h2 class=\"elementor-heading-title elementor-size-default\">Hae seuramyyj\u00e4ksi Fat Pipelle!<\/h2>\t\t\t\t<\/div>\n\t\t\t\t<\/div>\n\t\t\t\t<div class=\"elementor-element elementor-element-392db7c0 elementor-widget elementor-widget-text-editor\" data-id=\"392db7c0\" data-element_type=\"widget\" data-e-type=\"widget\" data-widget_type=\"text-editor.default\">\n\t\t\t\t<div class=\"elementor-widget-container\">\n\t\t\t\t\t\t\t\t\t<div>Fat Pipe on suomalainen salibandymerkki ja mailojen valmistus tapahtuu Suomessa. Lanseerasimme ensimm\u00e4iset salibandymailat markkinoille 1996. Yrityksemme sijaitsee It\u00e4-Helsingiss\u00e4, Vartiokyl\u00e4ss\u00e4. Tuotannostamme vientiin menee yli puolet. Kotimaassa asiakkaitamme ovat urheiluliikkeet ja hypermarkettien urheiluosastot.\u00a0<\/div>\n<div>\u00a0<\/div>\n<div>Henkil\u00f6kuntaamme yhdist\u00e4\u00e4 salibandy joko pelaajana, entisen\u00e4 pelaajana tai aktiivisena seuraajana. Meille t\u00e4rkeint\u00e4 on luoda salibandyyn funktionaalisia tuotteita, jotka tekev\u00e4t pelaajista parempia.<\/div>\n<div>\u00a0<\/div>\n<div>Etsimme ammattimaiseen ja innostuneeseen tiimiimme lis\u00e4vahvistusta.<\/div>\n<div>\u00a0<\/div>\n<p><!-- \/wp:paragraph --><!-- wp:paragraph --><!-- \/wp:paragraph --><\/p>\t\t\t\t\t\t\t\t<\/div>\n\t\t\t\t<\/div>\n\t\t\t\t<div class=\"elementor-element elementor-element-76d3b66 elementor-widget elementor-widget-heading\" data-id=\"76d3b66\" data-element_type=\"widget\" data-e-type=\"widget\" data-widget_type=\"heading.default\">\n\t\t\t\t<div class=\"elementor-widget-container\">\n\t\t\t\t\t<h2 class=\"elementor-heading-title elementor-size-default\">Seuramyyj\u00e4<\/h2>\t\t\t\t<\/div>\n\t\t\t\t<\/div>\n\t\t\t\t<div class=\"elementor-element elementor-element-6fbaee7 elementor-widget elementor-widget-text-editor\" data-id=\"6fbaee7\" data-element_type=\"widget\" data-e-type=\"widget\" data-widget_type=\"text-editor.default\">\n\t\t\t\t<div class=\"elementor-widget-container\">\n\t\t\t\t\t\t\t\t\t<!-- wp:paragraph -->\n<div>Vastaat yrityksess\u00e4mme seurakaupasta. Teht\u00e4v\u00e4n\u00e4si on hoitaa yhteydet sopimusseurojen ja yhteisty\u00f6urheiluliikkeiden suuntaan. Myyt tuotteitamme seuroille yhteisty\u00f6ss\u00e4 urheiluliikkeiden kanssa. Osana tuotekehitystiimi\u00e4mme olet suunnittelemassa tuotteitamme ja seuramallistoja. Hallinnoit seuratilauksia, neuvottelet uusista sopimuksista ja osallistut aktiivisesti markkinointimme suunnitteluun yhdess\u00e4 muun tiimin kanssa. Ty\u00f6 edellytt\u00e4\u00e4 joustavuutta ty\u00f6ajoissa ja valmiutta matkustamiseen.<\/div>\n<div>\u00a0<\/div>\n<div>Salibandyn tuntemus katsotaan eduksi. Ymm\u00e4rr\u00e4t sosiaalista mediaa ja hallitset Microsoft Officen k\u00e4yt\u00f6n. Uskallat ja haluat esiinty\u00e4. Sinulla on ajokortti. Kaupallinen koulutus katsotaan eduksi ja tulet toimeen sujuvasti englannin kielell\u00e4 my\u00f6s kirjallisesti. V\u00e4hitt\u00e4is- tai tukkukaupan tuntemuksesta on apua tulevassa ty\u00f6ss\u00e4si. Haemme sosiaalista, ratkaisukeskeist\u00e4 sek\u00e4 yhteisty\u00f6kykyist\u00e4 tiimipelaajaa. Suhtaudut positiivisesti asioiden kehitt\u00e4miseen.<\/div>\n<div>\u00a0<\/div>\n<div>Tarjoamme kokop\u00e4iv\u00e4isen ty\u00f6n, alalla kilpailukykyisen palkan sek\u00e4 t\u00e4yden auto- ja puhelinedun. Mik\u00e4li salibandy vie arkip\u00e4ivist\u00e4si aikaa, se ei v\u00e4ltt\u00e4m\u00e4tt\u00e4 ole este.\u00a0<\/div>\n<div>\u00a0<\/div>\n<div>Jos mielenkiintoinen ja monipuolinen ty\u00f6 salibandyn huipputuotteiden parissa innostaa sinua, niin l\u00e4het\u00e4 vapaamuotoinen hakemuksesi ansioluetteloineen ja palkkatoiveineen 12.1.2025 menness\u00e4 osoitteeseen: <a href=\"mailto:sami@fatpipe.fi\">sami@fatpipe.fi<\/a>.<\/div>\n<div>\u00a0<\/div>\n<div>Lis\u00e4tietoja avoimesta paikasta antaa Sami Turtiainen. Samin tavoitat arkisin numerosta 0500 463377.<\/div>\n<!-- \/wp:paragraph --><!-- wp:paragraph --><!-- \/wp:paragraph -->\t\t\t\t\t\t\t\t<\/div>\n\t\t\t\t<\/div>\n\t\t\t\t<div class=\"elementor-element elementor-element-911ebab elementor-widget elementor-widget-image\" data-id=\"911ebab\" data-element_type=\"widget\" data-e-type=\"widget\" data-widget_type=\"image.default\">\n\t\t\t\t<div class=\"elementor-widget-container\">\n\t\t\t\t\t\t\t\t\t\t\t\t\t\t\t<img decoding=\"async\" width=\"800\" height=\"800\" src=\"https:\/\/fatpipe.fi\/wp-content\/uploads\/2023\/10\/FP-ACE-1024x1024.png\" class=\"attachment-large size-large wp-image-34533\" alt=\"\" srcset=\"https:\/\/fatpipe.fi\/wp-content\/uploads\/2023\/10\/FP-ACE-1024x1024.png 1024w, https:\/\/fatpipe.fi\/wp-content\/uploads\/2023\/10\/FP-ACE-300x300.png 300w, https:\/\/fatpipe.fi\/wp-content\/uploads\/2023\/10\/FP-ACE-200x200.png 200w, https:\/\/fatpipe.fi\/wp-content\/uploads\/2023\/10\/FP-ACE-768x768.png 768w, https:\/\/fatpipe.fi\/wp-content\/uploads\/2023\/10\/FP-ACE-1536x1536.png 1536w, https:\/\/fatpipe.fi\/wp-content\/uploads\/2023\/10\/FP-ACE-2048x2048.png 2048w, https:\/\/fatpipe.fi\/wp-content\/uploads\/2023\/10\/FP-ACE-12x12.png 12w, https:\/\/fatpipe.fi\/wp-content\/uploads\/2023\/10\/FP-ACE-1200x1200.png 1200w, https:\/\/fatpipe.fi\/wp-content\/uploads\/2023\/10\/FP-ACE-100x100.png 100w\" sizes=\"(max-width: 800px) 100vw, 800px\" \/>\t\t\t\t\t\t\t\t\t\t\t\t\t\t\t<\/div>\n\t\t\t\t<\/div>\n\t\t\t\t\t<\/div>\n\t\t\t\t<\/div>\n\t\t\t\t<\/div>","protected":false},"excerpt":{"rendered":"<p>Hae seuramyyj\u00e4ksi Fat Pipelle! Fat Pipe on suomalainen salibandymerkki ja mailojen valmistus tapahtuu Suomessa. Lanseerasimme ensimm\u00e4iset salibandymailat markkinoille 1996. Yrityksemme sijaitsee It\u00e4-Helsingiss\u00e4, Vartiokyl\u00e4ss\u00e4. Tuotannostamme vientiin menee yli puolet. Kotimaassa asiakkaitamme ovat urheiluliikkeet ja hypermarkettien urheiluosastot.\u00a0 \u00a0 Henkil\u00f6kuntaamme yhdist\u00e4\u00e4 salibandy joko pelaajana, entisen\u00e4 pelaajana tai aktiivisena seuraajana. Meille t\u00e4rkeint\u00e4 on luoda salibandyyn funktionaalisia tuotteita, jotka tekev\u00e4t [&hellip;]<\/p>\n","protected":false},"author":2,"featured_media":0,"parent":0,"menu_order":0,"comment_status":"closed","ping_status":"closed","template":"elementor_header_footer","meta":{"_acf_changed":false,"footnotes":""},"class_list":["post-34840","page","type-page","status-publish","hentry"],"acf":[],"yoast_head":"<!-- This site is optimized with the Yoast SEO plugin v27.3 - https:\/\/yoast.com\/product\/yoast-seo-wordpress\/ -->\n<title>Hae seuramyyj\u00e4ksi Fat Pipelle! - Fat Pipe<\/title>\n<meta name=\"description\" content=\"Official Fat Pipe website. Finnish floorball brand Fat Pipe, founded 1996 in Helsinki\/FIN. There&#039;s no pipe like Fat Pipe.\" \/>\n<meta name=\"robots\" content=\"index, follow, max-snippet:-1, max-image-preview:large, max-video-preview:-1\" \/>\n<link rel=\"canonical\" href=\"https:\/\/fatpipe.fi\/fi\/rekry\/\" \/>\n<meta property=\"og:locale\" content=\"fi_FI\" \/>\n<meta property=\"og:type\" content=\"article\" \/>\n<meta property=\"og:title\" content=\"Hae seuramyyj\u00e4ksi Fat Pipelle! - Fat Pipe\" \/>\n<meta property=\"og:description\" content=\"Official Fat Pipe website. Finnish floorball brand Fat Pipe, founded 1996 in Helsinki\/FIN. There&#039;s no pipe like Fat Pipe.\" \/>\n<meta property=\"og:url\" content=\"https:\/\/fatpipe.fi\/fi\/rekry\/\" \/>\n<meta property=\"og:site_name\" content=\"Fat Pipe\" \/>\n<meta property=\"article:publisher\" content=\"https:\/\/www.facebook.com\/FatPipeFactory\/\" \/>\n<meta property=\"article:modified_time\" content=\"2025-02-25T08:40:58+00:00\" \/>\n<meta property=\"og:image\" content=\"https:\/\/fatpipe.fi\/wp-content\/uploads\/2024\/12\/FP-photoshoot-24-25-factory-30-2048x1367.jpg\" \/>\n<meta name=\"twitter:card\" content=\"summary_large_image\" \/>\n<meta name=\"twitter:site\" content=\"@FatPipeFactory\" \/>\n<meta name=\"twitter:label1\" content=\"Arvioitu lukuaika\" \/>\n\t<meta name=\"twitter:data1\" content=\"2 minuuttia\" \/>\n<script type=\"application\/ld+json\" class=\"yoast-schema-graph\">{\"@context\":\"https:\\\/\\\/schema.org\",\"@graph\":[{\"@type\":\"WebPage\",\"@id\":\"https:\\\/\\\/fatpipe.fi\\\/rekry\\\/\",\"url\":\"https:\\\/\\\/fatpipe.fi\\\/rekry\\\/\",\"name\":\"Hae seuramyyj\u00e4ksi Fat Pipelle! - Fat Pipe\",\"isPartOf\":{\"@id\":\"https:\\\/\\\/fatpipe.fi\\\/fi\\\/#website\"},\"primaryImageOfPage\":{\"@id\":\"https:\\\/\\\/fatpipe.fi\\\/rekry\\\/#primaryimage\"},\"image\":{\"@id\":\"https:\\\/\\\/fatpipe.fi\\\/rekry\\\/#primaryimage\"},\"thumbnailUrl\":\"https:\\\/\\\/fatpipe.fi\\\/wp-content\\\/uploads\\\/2024\\\/12\\\/FP-photoshoot-24-25-factory-30-2048x1367.jpg\",\"datePublished\":\"2024-12-12T09:53:14+00:00\",\"dateModified\":\"2025-02-25T08:40:58+00:00\",\"description\":\"Official Fat Pipe website. Finnish floorball brand Fat Pipe, founded 1996 in Helsinki\\\/FIN. There's no pipe like Fat Pipe.\",\"breadcrumb\":{\"@id\":\"https:\\\/\\\/fatpipe.fi\\\/rekry\\\/#breadcrumb\"},\"inLanguage\":\"fi\",\"potentialAction\":[{\"@type\":\"ReadAction\",\"target\":[\"https:\\\/\\\/fatpipe.fi\\\/rekry\\\/\"]}]},{\"@type\":\"ImageObject\",\"inLanguage\":\"fi\",\"@id\":\"https:\\\/\\\/fatpipe.fi\\\/rekry\\\/#primaryimage\",\"url\":\"https:\\\/\\\/fatpipe.fi\\\/wp-content\\\/uploads\\\/2024\\\/12\\\/FP-photoshoot-24-25-factory-30-2048x1367.jpg\",\"contentUrl\":\"https:\\\/\\\/fatpipe.fi\\\/wp-content\\\/uploads\\\/2024\\\/12\\\/FP-photoshoot-24-25-factory-30-2048x1367.jpg\"},{\"@type\":\"BreadcrumbList\",\"@id\":\"https:\\\/\\\/fatpipe.fi\\\/rekry\\\/#breadcrumb\",\"itemListElement\":[{\"@type\":\"ListItem\",\"position\":1,\"name\":\"Home\",\"item\":\"https:\\\/\\\/fatpipe.fi\\\/\"},{\"@type\":\"ListItem\",\"position\":2,\"name\":\"Hae seuramyyj\u00e4ksi Fat Pipelle!\"}]},{\"@type\":\"WebSite\",\"@id\":\"https:\\\/\\\/fatpipe.fi\\\/fi\\\/#website\",\"url\":\"https:\\\/\\\/fatpipe.fi\\\/fi\\\/\",\"name\":\"Fat Pipe\",\"description\":\"\",\"publisher\":{\"@id\":\"https:\\\/\\\/fatpipe.fi\\\/fi\\\/#organization\"},\"potentialAction\":[{\"@type\":\"SearchAction\",\"target\":{\"@type\":\"EntryPoint\",\"urlTemplate\":\"https:\\\/\\\/fatpipe.fi\\\/fi\\\/?s={search_term_string}\"},\"query-input\":{\"@type\":\"PropertyValueSpecification\",\"valueRequired\":true,\"valueName\":\"search_term_string\"}}],\"inLanguage\":\"fi\"},{\"@type\":\"Organization\",\"@id\":\"https:\\\/\\\/fatpipe.fi\\\/fi\\\/#organization\",\"name\":\"Fat Pipe\",\"url\":\"https:\\\/\\\/fatpipe.fi\\\/fi\\\/\",\"logo\":{\"@type\":\"ImageObject\",\"inLanguage\":\"fi\",\"@id\":\"https:\\\/\\\/fatpipe.fi\\\/fi\\\/#\\\/schema\\\/logo\\\/image\\\/\",\"url\":\"https:\\\/\\\/fatpipe.fi\\\/wp-content\\\/uploads\\\/2020\\\/05\\\/FP-black-01.svg\",\"contentUrl\":\"https:\\\/\\\/fatpipe.fi\\\/wp-content\\\/uploads\\\/2020\\\/05\\\/FP-black-01.svg\",\"width\":679,\"height\":519,\"caption\":\"Fat Pipe\"},\"image\":{\"@id\":\"https:\\\/\\\/fatpipe.fi\\\/fi\\\/#\\\/schema\\\/logo\\\/image\\\/\"},\"sameAs\":[\"https:\\\/\\\/www.facebook.com\\\/FatPipeFactory\\\/\",\"https:\\\/\\\/x.com\\\/FatPipeFactory\",\"https:\\\/\\\/www.instagram.com\\\/fatpipefactory\\\/\",\"https:\\\/\\\/www.youtube.com\\\/user\\\/FatPipeFinland\"]}]}<\/script>\n<!-- \/ Yoast SEO plugin. -->","yoast_head_json":{"title":"Hae seuramyyj\u00e4ksi Fat Pipelle! - Fat Pipe","description":"Official Fat Pipe website. Finnish floorball brand Fat Pipe, founded 1996 in Helsinki\/FIN. There's no pipe like Fat Pipe.","robots":{"index":"index","follow":"follow","max-snippet":"max-snippet:-1","max-image-preview":"max-image-preview:large","max-video-preview":"max-video-preview:-1"},"canonical":"https:\/\/fatpipe.fi\/fi\/rekry\/","og_locale":"fi_FI","og_type":"article","og_title":"Hae seuramyyj\u00e4ksi Fat Pipelle! - Fat Pipe","og_description":"Official Fat Pipe website. Finnish floorball brand Fat Pipe, founded 1996 in Helsinki\/FIN. There's no pipe like Fat Pipe.","og_url":"https:\/\/fatpipe.fi\/fi\/rekry\/","og_site_name":"Fat Pipe","article_publisher":"https:\/\/www.facebook.com\/FatPipeFactory\/","article_modified_time":"2025-02-25T08:40:58+00:00","og_image":[{"url":"https:\/\/fatpipe.fi\/wp-content\/uploads\/2024\/12\/FP-photoshoot-24-25-factory-30-2048x1367.jpg","type":"","width":"","height":""}],"twitter_card":"summary_large_image","twitter_site":"@FatPipeFactory","twitter_misc":{"Arvioitu lukuaika":"2 minuuttia"},"schema":{"@context":"https:\/\/schema.org","@graph":[{"@type":"WebPage","@id":"https:\/\/fatpipe.fi\/rekry\/","url":"https:\/\/fatpipe.fi\/rekry\/","name":"Hae seuramyyj\u00e4ksi Fat Pipelle! - Fat Pipe","isPartOf":{"@id":"https:\/\/fatpipe.fi\/fi\/#website"},"primaryImageOfPage":{"@id":"https:\/\/fatpipe.fi\/rekry\/#primaryimage"},"image":{"@id":"https:\/\/fatpipe.fi\/rekry\/#primaryimage"},"thumbnailUrl":"https:\/\/fatpipe.fi\/wp-content\/uploads\/2024\/12\/FP-photoshoot-24-25-factory-30-2048x1367.jpg","datePublished":"2024-12-12T09:53:14+00:00","dateModified":"2025-02-25T08:40:58+00:00","description":"Official Fat Pipe website. Finnish floorball brand Fat Pipe, founded 1996 in Helsinki\/FIN. There's no pipe like Fat Pipe.","breadcrumb":{"@id":"https:\/\/fatpipe.fi\/rekry\/#breadcrumb"},"inLanguage":"fi","potentialAction":[{"@type":"ReadAction","target":["https:\/\/fatpipe.fi\/rekry\/"]}]},{"@type":"ImageObject","inLanguage":"fi","@id":"https:\/\/fatpipe.fi\/rekry\/#primaryimage","url":"https:\/\/fatpipe.fi\/wp-content\/uploads\/2024\/12\/FP-photoshoot-24-25-factory-30-2048x1367.jpg","contentUrl":"https:\/\/fatpipe.fi\/wp-content\/uploads\/2024\/12\/FP-photoshoot-24-25-factory-30-2048x1367.jpg"},{"@type":"BreadcrumbList","@id":"https:\/\/fatpipe.fi\/rekry\/#breadcrumb","itemListElement":[{"@type":"ListItem","position":1,"name":"Home","item":"https:\/\/fatpipe.fi\/"},{"@type":"ListItem","position":2,"name":"Hae seuramyyj\u00e4ksi Fat Pipelle!"}]},{"@type":"WebSite","@id":"https:\/\/fatpipe.fi\/fi\/#website","url":"https:\/\/fatpipe.fi\/fi\/","name":"Fat Pipe","description":"","publisher":{"@id":"https:\/\/fatpipe.fi\/fi\/#organization"},"potentialAction":[{"@type":"SearchAction","target":{"@type":"EntryPoint","urlTemplate":"https:\/\/fatpipe.fi\/fi\/?s={search_term_string}"},"query-input":{"@type":"PropertyValueSpecification","valueRequired":true,"valueName":"search_term_string"}}],"inLanguage":"fi"},{"@type":"Organization","@id":"https:\/\/fatpipe.fi\/fi\/#organization","name":"Fat Pipe","url":"https:\/\/fatpipe.fi\/fi\/","logo":{"@type":"ImageObject","inLanguage":"fi","@id":"https:\/\/fatpipe.fi\/fi\/#\/schema\/logo\/image\/","url":"https:\/\/fatpipe.fi\/wp-content\/uploads\/2020\/05\/FP-black-01.svg","contentUrl":"https:\/\/fatpipe.fi\/wp-content\/uploads\/2020\/05\/FP-black-01.svg","width":679,"height":519,"caption":"Fat Pipe"},"image":{"@id":"https:\/\/fatpipe.fi\/fi\/#\/schema\/logo\/image\/"},"sameAs":["https:\/\/www.facebook.com\/FatPipeFactory\/","https:\/\/x.com\/FatPipeFactory","https:\/\/www.instagram.com\/fatpipefactory\/","https:\/\/www.youtube.com\/user\/FatPipeFinland"]}]}},"_links":{"self":[{"href":"https:\/\/fatpipe.fi\/fi\/wp-json\/wp\/v2\/pages\/34840","targetHints":{"allow":["GET"]}}],"collection":[{"href":"https:\/\/fatpipe.fi\/fi\/wp-json\/wp\/v2\/pages"}],"about":[{"href":"https:\/\/fatpipe.fi\/fi\/wp-json\/wp\/v2\/types\/page"}],"author":[{"embeddable":true,"href":"https:\/\/fatpipe.fi\/fi\/wp-json\/wp\/v2\/users\/2"}],"replies":[{"embeddable":true,"href":"https:\/\/fatpipe.fi\/fi\/wp-json\/wp\/v2\/comments?post=34840"}],"version-history":[{"count":0,"href":"https:\/\/fatpipe.fi\/fi\/wp-json\/wp\/v2\/pages\/34840\/revisions"}],"wp:attachment":[{"href":"https:\/\/fatpipe.fi\/fi\/wp-json\/wp\/v2\/media?parent=34840"}],"curies":[{"name":"wp","href":"https:\/\/api.w.org\/{rel}","templated":true}]}}