{"id":26834,"date":"2021-07-01T10:34:07","date_gmt":"2021-07-01T10:34:07","guid":{"rendered":"https:\/\/fatpipe.fi\/fatproduct\/uncategorized\/import-placeholder-for-8530\/"},"modified":"2022-07-18T12:45:23","modified_gmt":"2022-07-18T12:45:23","slug":"gk-protective-shirt-with-xrd-padding","status":"publish","type":"product","link":"https:\/\/fatpipe.fi\/fi\/fatproduct\/goalie\/gk-protective-shirt-with-xrd-padding\/","title":{"rendered":"MAALIVAHDIN SUOJAPAITA-XRD"},"content":{"rendered":"","protected":false},"excerpt":{"rendered":"<p>Nylon\/Polyester\/Elastane, XRD-padding, 150cm, XS\/S, M\/L, XL\/XXL. Kevyt ja istuva maalivahdin panssaripaita, jossa etuosassa muotoiltu ja hyvin suojaava XRD-toppaus, joka kuolettaa tehokkaasti pallon vauhdin siihen osuessa. Olkap\u00e4ill\u00e4 ja hihoissa my\u00f6s muotoiltu suojatoppaus.  Hengitt\u00e4v\u00e4 ja nopeasti kuivuva materiaali. Kainaloissa tuuletusaukot. Helmassa ja hihansuussa silikoniteippaukset, jotka lis\u00e4\u00e4v\u00e4t paidan istuvuutta ja paikallaan pysyvyytt\u00e4. Niskassa vetoketju helpottamassa p\u00e4\u00e4lle puettavuutta.<\/p>\n<p>119114<br \/>\nCOL.: black\/yellow-01\/06<\/p>","protected":false},"featured_media":26857,"template":"","meta":{"_acf_changed":false},"product_brand":[],"product_cat":[63],"product_tag":[396],"class_list":{"0":"post-26834","1":"product","2":"type-product","3":"status-publish","4":"has-post-thumbnail","6":"product_cat-goalie","7":"product_tag-22-23","9":"first","10":"instock","11":"shipping-taxable","12":"purchasable","13":"product-type-variable"},"acf":[],"yoast_head":"<!-- This site is optimized with the Yoast SEO plugin v27.4 - https:\/\/yoast.com\/product\/yoast-seo-wordpress\/ -->\n<title>GK-PROTECTIVE SHIRT WITH XRD PADDING - Fat Pipe<\/title>\n<meta name=\"robots\" content=\"index, follow, max-snippet:-1, max-image-preview:large, max-video-preview:-1\" \/>\n<link rel=\"canonical\" href=\"https:\/\/fatpipe.fi\/fi\/fatproduct\/goalie\/gk-protective-shirt-with-xrd-padding\/\" \/>\n<meta property=\"og:locale\" content=\"fi_FI\" \/>\n<meta property=\"og:type\" content=\"article\" \/>\n<meta property=\"og:title\" content=\"GK-PROTECTIVE SHIRT WITH XRD PADDING - Fat Pipe\" \/>\n<meta property=\"og:description\" content=\"Nylon\/Polyester\/Elastane, XRD-padding, 150cm, XS\/S, M\/L, XL\/XXL, light and well fitting protective shirt for GK, breathable, ventilations under arm, functional XRD- form fitted padding on front, which is stitched to body from the corners to holding on, PES-padding on sleeves and shoulders, half zip on back collar to easy to dress up.  119114 COL.: black\/yellow-01\/06\" \/>\n<meta property=\"og:url\" content=\"https:\/\/fatpipe.fi\/fi\/fatproduct\/goalie\/gk-protective-shirt-with-xrd-padding\/\" \/>\n<meta property=\"og:site_name\" content=\"Fat Pipe\" \/>\n<meta property=\"article:publisher\" content=\"https:\/\/www.facebook.com\/FatPipeFactory\/\" \/>\n<meta property=\"article:modified_time\" content=\"2022-07-18T12:45:23+00:00\" \/>\n<meta property=\"og:image\" content=\"https:\/\/fatpipe.fi\/wp-content\/uploads\/2021\/07\/GK-PROTECTIVE-SHIRT-WITH-XRD-119114-BLACK_YELLOW-1.jpg\" \/>\n\t<meta property=\"og:image:width\" content=\"2500\" \/>\n\t<meta property=\"og:image:height\" content=\"2500\" \/>\n\t<meta property=\"og:image:type\" content=\"image\/jpeg\" \/>\n<meta name=\"twitter:card\" content=\"summary_large_image\" \/>\n<meta name=\"twitter:site\" content=\"@FatPipeFactory\" \/>\n<script type=\"application\/ld+json\" class=\"yoast-schema-graph\">{\"@context\":\"https:\\\/\\\/schema.org\",\"@graph\":[{\"@type\":\"WebPage\",\"@id\":\"https:\\\/\\\/fatpipe.fi\\\/fatproduct\\\/goalie\\\/gk-protective-shirt-with-xrd-padding\\\/\",\"url\":\"https:\\\/\\\/fatpipe.fi\\\/fatproduct\\\/goalie\\\/gk-protective-shirt-with-xrd-padding\\\/\",\"name\":\"GK-PROTECTIVE SHIRT WITH XRD PADDING - Fat Pipe\",\"isPartOf\":{\"@id\":\"https:\\\/\\\/fatpipe.fi\\\/fi\\\/#website\"},\"primaryImageOfPage\":{\"@id\":\"https:\\\/\\\/fatpipe.fi\\\/fatproduct\\\/goalie\\\/gk-protective-shirt-with-xrd-padding\\\/#primaryimage\"},\"image\":{\"@id\":\"https:\\\/\\\/fatpipe.fi\\\/fatproduct\\\/goalie\\\/gk-protective-shirt-with-xrd-padding\\\/#primaryimage\"},\"thumbnailUrl\":\"https:\\\/\\\/fatpipe.fi\\\/wp-content\\\/uploads\\\/2021\\\/07\\\/GK-PROTECTIVE-SHIRT-WITH-XRD-119114-BLACK_YELLOW-1.jpg\",\"datePublished\":\"2021-07-01T10:34:07+00:00\",\"dateModified\":\"2022-07-18T12:45:23+00:00\",\"breadcrumb\":{\"@id\":\"https:\\\/\\\/fatpipe.fi\\\/fatproduct\\\/goalie\\\/gk-protective-shirt-with-xrd-padding\\\/#breadcrumb\"},\"inLanguage\":\"fi\",\"potentialAction\":[{\"@type\":\"ReadAction\",\"target\":[\"https:\\\/\\\/fatpipe.fi\\\/fatproduct\\\/goalie\\\/gk-protective-shirt-with-xrd-padding\\\/\"]}]},{\"@type\":\"ImageObject\",\"inLanguage\":\"fi\",\"@id\":\"https:\\\/\\\/fatpipe.fi\\\/fatproduct\\\/goalie\\\/gk-protective-shirt-with-xrd-padding\\\/#primaryimage\",\"url\":\"https:\\\/\\\/fatpipe.fi\\\/wp-content\\\/uploads\\\/2021\\\/07\\\/GK-PROTECTIVE-SHIRT-WITH-XRD-119114-BLACK_YELLOW-1.jpg\",\"contentUrl\":\"https:\\\/\\\/fatpipe.fi\\\/wp-content\\\/uploads\\\/2021\\\/07\\\/GK-PROTECTIVE-SHIRT-WITH-XRD-119114-BLACK_YELLOW-1.jpg\",\"width\":2500,\"height\":2500},{\"@type\":\"BreadcrumbList\",\"@id\":\"https:\\\/\\\/fatpipe.fi\\\/fatproduct\\\/goalie\\\/gk-protective-shirt-with-xrd-padding\\\/#breadcrumb\",\"itemListElement\":[{\"@type\":\"ListItem\",\"position\":1,\"name\":\"Home\",\"item\":\"https:\\\/\\\/fatpipe.fi\\\/\"},{\"@type\":\"ListItem\",\"position\":2,\"name\":\"Tuotteet\",\"item\":\"https:\\\/\\\/fatpipe.fi\\\/fi\\\/shop\\\/\"},{\"@type\":\"ListItem\",\"position\":3,\"name\":\"GK-PROTECTIVE SHIRT WITH XRD PADDING\"}]},{\"@type\":\"WebSite\",\"@id\":\"https:\\\/\\\/fatpipe.fi\\\/fi\\\/#website\",\"url\":\"https:\\\/\\\/fatpipe.fi\\\/fi\\\/\",\"name\":\"Fat Pipe\",\"description\":\"\",\"publisher\":{\"@id\":\"https:\\\/\\\/fatpipe.fi\\\/fi\\\/#organization\"},\"potentialAction\":[{\"@type\":\"SearchAction\",\"target\":{\"@type\":\"EntryPoint\",\"urlTemplate\":\"https:\\\/\\\/fatpipe.fi\\\/fi\\\/?s={search_term_string}\"},\"query-input\":{\"@type\":\"PropertyValueSpecification\",\"valueRequired\":true,\"valueName\":\"search_term_string\"}}],\"inLanguage\":\"fi\"},{\"@type\":\"Organization\",\"@id\":\"https:\\\/\\\/fatpipe.fi\\\/fi\\\/#organization\",\"name\":\"Fat Pipe\",\"url\":\"https:\\\/\\\/fatpipe.fi\\\/fi\\\/\",\"logo\":{\"@type\":\"ImageObject\",\"inLanguage\":\"fi\",\"@id\":\"https:\\\/\\\/fatpipe.fi\\\/fi\\\/#\\\/schema\\\/logo\\\/image\\\/\",\"url\":\"https:\\\/\\\/fatpipe.fi\\\/wp-content\\\/uploads\\\/2020\\\/05\\\/FP-black-01.svg\",\"contentUrl\":\"https:\\\/\\\/fatpipe.fi\\\/wp-content\\\/uploads\\\/2020\\\/05\\\/FP-black-01.svg\",\"width\":679,\"height\":519,\"caption\":\"Fat Pipe\"},\"image\":{\"@id\":\"https:\\\/\\\/fatpipe.fi\\\/fi\\\/#\\\/schema\\\/logo\\\/image\\\/\"},\"sameAs\":[\"https:\\\/\\\/www.facebook.com\\\/FatPipeFactory\\\/\",\"https:\\\/\\\/x.com\\\/FatPipeFactory\",\"https:\\\/\\\/www.instagram.com\\\/fatpipefactory\\\/\",\"https:\\\/\\\/www.youtube.com\\\/user\\\/FatPipeFinland\"]}]}<\/script>\n<!-- \/ Yoast SEO plugin. -->","yoast_head_json":{"title":"GK-PROTECTIVE SHIRT WITH XRD PADDING - Fat Pipe","robots":{"index":"index","follow":"follow","max-snippet":"max-snippet:-1","max-image-preview":"max-image-preview:large","max-video-preview":"max-video-preview:-1"},"canonical":"https:\/\/fatpipe.fi\/fi\/fatproduct\/goalie\/gk-protective-shirt-with-xrd-padding\/","og_locale":"fi_FI","og_type":"article","og_title":"GK-PROTECTIVE SHIRT WITH XRD PADDING - Fat Pipe","og_description":"Nylon\/Polyester\/Elastane, XRD-padding, 150cm, XS\/S, M\/L, XL\/XXL, light and well fitting protective shirt for GK, breathable, ventilations under arm, functional XRD- form fitted padding on front, which is stitched to body from the corners to holding on, PES-padding on sleeves and shoulders, half zip on back collar to easy to dress up.  119114 COL.: black\/yellow-01\/06","og_url":"https:\/\/fatpipe.fi\/fi\/fatproduct\/goalie\/gk-protective-shirt-with-xrd-padding\/","og_site_name":"Fat Pipe","article_publisher":"https:\/\/www.facebook.com\/FatPipeFactory\/","article_modified_time":"2022-07-18T12:45:23+00:00","og_image":[{"width":2500,"height":2500,"url":"https:\/\/fatpipe.fi\/wp-content\/uploads\/2021\/07\/GK-PROTECTIVE-SHIRT-WITH-XRD-119114-BLACK_YELLOW-1.jpg","type":"image\/jpeg"}],"twitter_card":"summary_large_image","twitter_site":"@FatPipeFactory","schema":{"@context":"https:\/\/schema.org","@graph":[{"@type":"WebPage","@id":"https:\/\/fatpipe.fi\/fatproduct\/goalie\/gk-protective-shirt-with-xrd-padding\/","url":"https:\/\/fatpipe.fi\/fatproduct\/goalie\/gk-protective-shirt-with-xrd-padding\/","name":"GK-PROTECTIVE SHIRT WITH XRD PADDING - Fat Pipe","isPartOf":{"@id":"https:\/\/fatpipe.fi\/fi\/#website"},"primaryImageOfPage":{"@id":"https:\/\/fatpipe.fi\/fatproduct\/goalie\/gk-protective-shirt-with-xrd-padding\/#primaryimage"},"image":{"@id":"https:\/\/fatpipe.fi\/fatproduct\/goalie\/gk-protective-shirt-with-xrd-padding\/#primaryimage"},"thumbnailUrl":"https:\/\/fatpipe.fi\/wp-content\/uploads\/2021\/07\/GK-PROTECTIVE-SHIRT-WITH-XRD-119114-BLACK_YELLOW-1.jpg","datePublished":"2021-07-01T10:34:07+00:00","dateModified":"2022-07-18T12:45:23+00:00","breadcrumb":{"@id":"https:\/\/fatpipe.fi\/fatproduct\/goalie\/gk-protective-shirt-with-xrd-padding\/#breadcrumb"},"inLanguage":"fi","potentialAction":[{"@type":"ReadAction","target":["https:\/\/fatpipe.fi\/fatproduct\/goalie\/gk-protective-shirt-with-xrd-padding\/"]}]},{"@type":"ImageObject","inLanguage":"fi","@id":"https:\/\/fatpipe.fi\/fatproduct\/goalie\/gk-protective-shirt-with-xrd-padding\/#primaryimage","url":"https:\/\/fatpipe.fi\/wp-content\/uploads\/2021\/07\/GK-PROTECTIVE-SHIRT-WITH-XRD-119114-BLACK_YELLOW-1.jpg","contentUrl":"https:\/\/fatpipe.fi\/wp-content\/uploads\/2021\/07\/GK-PROTECTIVE-SHIRT-WITH-XRD-119114-BLACK_YELLOW-1.jpg","width":2500,"height":2500},{"@type":"BreadcrumbList","@id":"https:\/\/fatpipe.fi\/fatproduct\/goalie\/gk-protective-shirt-with-xrd-padding\/#breadcrumb","itemListElement":[{"@type":"ListItem","position":1,"name":"Home","item":"https:\/\/fatpipe.fi\/"},{"@type":"ListItem","position":2,"name":"Tuotteet","item":"https:\/\/fatpipe.fi\/fi\/shop\/"},{"@type":"ListItem","position":3,"name":"GK-PROTECTIVE SHIRT WITH XRD PADDING"}]},{"@type":"WebSite","@id":"https:\/\/fatpipe.fi\/fi\/#website","url":"https:\/\/fatpipe.fi\/fi\/","name":"Fat Pipe","description":"","publisher":{"@id":"https:\/\/fatpipe.fi\/fi\/#organization"},"potentialAction":[{"@type":"SearchAction","target":{"@type":"EntryPoint","urlTemplate":"https:\/\/fatpipe.fi\/fi\/?s={search_term_string}"},"query-input":{"@type":"PropertyValueSpecification","valueRequired":true,"valueName":"search_term_string"}}],"inLanguage":"fi"},{"@type":"Organization","@id":"https:\/\/fatpipe.fi\/fi\/#organization","name":"Fat Pipe","url":"https:\/\/fatpipe.fi\/fi\/","logo":{"@type":"ImageObject","inLanguage":"fi","@id":"https:\/\/fatpipe.fi\/fi\/#\/schema\/logo\/image\/","url":"https:\/\/fatpipe.fi\/wp-content\/uploads\/2020\/05\/FP-black-01.svg","contentUrl":"https:\/\/fatpipe.fi\/wp-content\/uploads\/2020\/05\/FP-black-01.svg","width":679,"height":519,"caption":"Fat Pipe"},"image":{"@id":"https:\/\/fatpipe.fi\/fi\/#\/schema\/logo\/image\/"},"sameAs":["https:\/\/www.facebook.com\/FatPipeFactory\/","https:\/\/x.com\/FatPipeFactory","https:\/\/www.instagram.com\/fatpipefactory\/","https:\/\/www.youtube.com\/user\/FatPipeFinland"]}]}},"_links":{"self":[{"href":"https:\/\/fatpipe.fi\/fi\/wp-json\/wp\/v2\/product\/26834","targetHints":{"allow":["GET"]}}],"collection":[{"href":"https:\/\/fatpipe.fi\/fi\/wp-json\/wp\/v2\/product"}],"about":[{"href":"https:\/\/fatpipe.fi\/fi\/wp-json\/wp\/v2\/types\/product"}],"version-history":[{"count":0,"href":"https:\/\/fatpipe.fi\/fi\/wp-json\/wp\/v2\/product\/26834\/revisions"}],"wp:featuredmedia":[{"embeddable":true,"href":"https:\/\/fatpipe.fi\/fi\/wp-json\/wp\/v2\/media\/26857"}],"wp:attachment":[{"href":"https:\/\/fatpipe.fi\/fi\/wp-json\/wp\/v2\/media?parent=26834"}],"wp:term":[{"taxonomy":"product_brand","embeddable":true,"href":"https:\/\/fatpipe.fi\/fi\/wp-json\/wp\/v2\/product_brand?post=26834"},{"taxonomy":"product_cat","embeddable":true,"href":"https:\/\/fatpipe.fi\/fi\/wp-json\/wp\/v2\/product_cat?post=26834"},{"taxonomy":"product_tag","embeddable":true,"href":"https:\/\/fatpipe.fi\/fi\/wp-json\/wp\/v2\/product_tag?post=26834"}],"curies":[{"name":"wp","href":"https:\/\/api.w.org\/{rel}","templated":true}]}}