{"id":30462,"date":"2022-03-22T11:06:08","date_gmt":"2022-03-22T11:06:08","guid":{"rendered":"https:\/\/fatpipe.fi\/?post_type=product&#038;p=30462"},"modified":"2022-07-22T07:26:40","modified_gmt":"2022-07-22T07:26:40","slug":"raw-concept-bow-28-spd-2","status":"publish","type":"product","link":"https:\/\/fatpipe.fi\/fi\/fatproduct\/sticks\/raw-concept\/raw-concept-bow-28-spd-2\/","title":{"rendered":"RAW CONCEPT BOW 28 SPD"},"content":{"rendered":"","protected":false},"excerpt":{"rendered":"<p>Kevyempi on nopeampi. My\u00f6s bow-muodossa.<\/p>\n<p>Fat Pipen keveimm\u00e4n mailamallin Raw Conceptin keveys k\u00e4yr\u00e4ss\u00e4 Bow-varressa. K\u00e4yr\u00e4 erikoisvarsi tekee laukomisesta helppoa potkaisten vartta hieman pidemm\u00e4lle laukaistaessa. Todella nopea ja reagoiva 11 kerroksinen hiilikuituvarsi hiomattomalla pinnalla nopeaan ja tarkkaan pallonk\u00e4sittelyyn. Kevytt\u00e4 mailaa helppoa k\u00e4sitell\u00e4 my\u00f6s yhdell\u00e4 k\u00e4dell\u00e4. Keskij\u00e4ykk\u00e4 varren taipuma monipuoliseen pelaamiseen. Sticky grippi valkoisena. Nopea ja voimakkaasti esik\u00e4yristetty SPD lapa.<\/p>\n<p>720723<br \/>\nCarbon bow shaft with 11 layers and untreated finishing<br \/>\n\u00d825,5MM<br \/>\nShaft length: 101\/96cm<br \/>\nShaft flex: 28mm<br \/>\nGrip: Sticky grip<br \/>\nBlade: SPD PPH ghost white<\/p>","protected":false},"featured_media":30428,"template":"","meta":{"_acf_changed":false},"product_brand":[],"product_cat":[276,318],"product_tag":[396],"class_list":{"0":"post-30462","1":"product","2":"type-product","3":"status-publish","4":"has-post-thumbnail","6":"product_cat-sticks","7":"product_cat-raw-concept","8":"product_tag-22-23","10":"first","11":"instock","12":"shipping-taxable","13":"purchasable","14":"product-type-variable"},"acf":[],"yoast_head":"<!-- This site is optimized with the Yoast SEO plugin v27.4 - https:\/\/yoast.com\/product\/yoast-seo-wordpress\/ -->\n<title>RAW CONCEPT BOW 28 SPD - Fat Pipe<\/title>\n<meta name=\"robots\" content=\"index, follow, max-snippet:-1, max-image-preview:large, max-video-preview:-1\" \/>\n<link rel=\"canonical\" href=\"https:\/\/fatpipe.fi\/fi\/fatproduct\/sticks\/raw-concept\/raw-concept-bow-28-spd-2\/\" \/>\n<meta property=\"og:locale\" content=\"fi_FI\" \/>\n<meta property=\"og:type\" content=\"article\" \/>\n<meta property=\"og:title\" content=\"RAW CONCEPT BOW 28 SPD - Fat Pipe\" \/>\n<meta property=\"og:description\" content=\"Lighter is faster. Even in bow shape.  Raw Concept lightness in Bow shaft shape. Special curved shaft shape makes shooting easier by releasing the shaft little further. Fat Pipe\u2019s lightest stick for players whose passion is to feel the ball. Super fast and responsive carbon shaft with 11 layers and untreated finishing gives you keys control the ball accurately and smoothly. Faster handling in one hand. Medium shaft flex for versatile players. Sticky grip in white color. SPD blade - all you need and nothing more.  720723 Carbon bow shaft with 11 layers and untreated finishing \u00d825,5MM Shaft length: 101\/96cm Shaft flex: 28mm Grip: Sticky grip Blade: SPD PPH ghost white\" \/>\n<meta property=\"og:url\" content=\"https:\/\/fatpipe.fi\/fi\/fatproduct\/sticks\/raw-concept\/raw-concept-bow-28-spd-2\/\" \/>\n<meta property=\"og:site_name\" content=\"Fat Pipe\" \/>\n<meta property=\"article:publisher\" content=\"https:\/\/www.facebook.com\/FatPipeFactory\/\" \/>\n<meta property=\"article:modified_time\" content=\"2022-07-22T07:26:40+00:00\" \/>\n<meta property=\"og:image\" content=\"https:\/\/fatpipe.fi\/wp-content\/uploads\/2022\/03\/RAW-CONCEPT-BOW-28-SPD-720723-0001.jpg\" \/>\n\t<meta property=\"og:image:width\" content=\"2500\" \/>\n\t<meta property=\"og:image:height\" content=\"2500\" \/>\n\t<meta property=\"og:image:type\" content=\"image\/jpeg\" \/>\n<meta name=\"twitter:card\" content=\"summary_large_image\" \/>\n<meta name=\"twitter:site\" content=\"@FatPipeFactory\" \/>\n<script type=\"application\/ld+json\" class=\"yoast-schema-graph\">{\"@context\":\"https:\\\/\\\/schema.org\",\"@graph\":[{\"@type\":\"WebPage\",\"@id\":\"https:\\\/\\\/fatpipe.fi\\\/fatproduct\\\/sticks\\\/raw-concept\\\/raw-concept-bow-28-spd-2\\\/\",\"url\":\"https:\\\/\\\/fatpipe.fi\\\/fatproduct\\\/sticks\\\/raw-concept\\\/raw-concept-bow-28-spd-2\\\/\",\"name\":\"RAW CONCEPT BOW 28 SPD - Fat Pipe\",\"isPartOf\":{\"@id\":\"https:\\\/\\\/fatpipe.fi\\\/fi\\\/#website\"},\"primaryImageOfPage\":{\"@id\":\"https:\\\/\\\/fatpipe.fi\\\/fatproduct\\\/sticks\\\/raw-concept\\\/raw-concept-bow-28-spd-2\\\/#primaryimage\"},\"image\":{\"@id\":\"https:\\\/\\\/fatpipe.fi\\\/fatproduct\\\/sticks\\\/raw-concept\\\/raw-concept-bow-28-spd-2\\\/#primaryimage\"},\"thumbnailUrl\":\"https:\\\/\\\/fatpipe.fi\\\/wp-content\\\/uploads\\\/2022\\\/03\\\/RAW-CONCEPT-BOW-28-SPD-720723-0001.jpg\",\"datePublished\":\"2022-03-22T11:06:08+00:00\",\"dateModified\":\"2022-07-22T07:26:40+00:00\",\"breadcrumb\":{\"@id\":\"https:\\\/\\\/fatpipe.fi\\\/fatproduct\\\/sticks\\\/raw-concept\\\/raw-concept-bow-28-spd-2\\\/#breadcrumb\"},\"inLanguage\":\"fi\",\"potentialAction\":[{\"@type\":\"ReadAction\",\"target\":[\"https:\\\/\\\/fatpipe.fi\\\/fatproduct\\\/sticks\\\/raw-concept\\\/raw-concept-bow-28-spd-2\\\/\"]}]},{\"@type\":\"ImageObject\",\"inLanguage\":\"fi\",\"@id\":\"https:\\\/\\\/fatpipe.fi\\\/fatproduct\\\/sticks\\\/raw-concept\\\/raw-concept-bow-28-spd-2\\\/#primaryimage\",\"url\":\"https:\\\/\\\/fatpipe.fi\\\/wp-content\\\/uploads\\\/2022\\\/03\\\/RAW-CONCEPT-BOW-28-SPD-720723-0001.jpg\",\"contentUrl\":\"https:\\\/\\\/fatpipe.fi\\\/wp-content\\\/uploads\\\/2022\\\/03\\\/RAW-CONCEPT-BOW-28-SPD-720723-0001.jpg\",\"width\":2500,\"height\":2500},{\"@type\":\"BreadcrumbList\",\"@id\":\"https:\\\/\\\/fatpipe.fi\\\/fatproduct\\\/sticks\\\/raw-concept\\\/raw-concept-bow-28-spd-2\\\/#breadcrumb\",\"itemListElement\":[{\"@type\":\"ListItem\",\"position\":1,\"name\":\"Home\",\"item\":\"https:\\\/\\\/fatpipe.fi\\\/\"},{\"@type\":\"ListItem\",\"position\":2,\"name\":\"Tuotteet\",\"item\":\"https:\\\/\\\/fatpipe.fi\\\/fi\\\/shop\\\/\"},{\"@type\":\"ListItem\",\"position\":3,\"name\":\"RAW CONCEPT BOW 28 SPD\"}]},{\"@type\":\"WebSite\",\"@id\":\"https:\\\/\\\/fatpipe.fi\\\/fi\\\/#website\",\"url\":\"https:\\\/\\\/fatpipe.fi\\\/fi\\\/\",\"name\":\"Fat Pipe\",\"description\":\"\",\"publisher\":{\"@id\":\"https:\\\/\\\/fatpipe.fi\\\/fi\\\/#organization\"},\"potentialAction\":[{\"@type\":\"SearchAction\",\"target\":{\"@type\":\"EntryPoint\",\"urlTemplate\":\"https:\\\/\\\/fatpipe.fi\\\/fi\\\/?s={search_term_string}\"},\"query-input\":{\"@type\":\"PropertyValueSpecification\",\"valueRequired\":true,\"valueName\":\"search_term_string\"}}],\"inLanguage\":\"fi\"},{\"@type\":\"Organization\",\"@id\":\"https:\\\/\\\/fatpipe.fi\\\/fi\\\/#organization\",\"name\":\"Fat Pipe\",\"url\":\"https:\\\/\\\/fatpipe.fi\\\/fi\\\/\",\"logo\":{\"@type\":\"ImageObject\",\"inLanguage\":\"fi\",\"@id\":\"https:\\\/\\\/fatpipe.fi\\\/fi\\\/#\\\/schema\\\/logo\\\/image\\\/\",\"url\":\"https:\\\/\\\/fatpipe.fi\\\/wp-content\\\/uploads\\\/2020\\\/05\\\/FP-black-01.svg\",\"contentUrl\":\"https:\\\/\\\/fatpipe.fi\\\/wp-content\\\/uploads\\\/2020\\\/05\\\/FP-black-01.svg\",\"width\":679,\"height\":519,\"caption\":\"Fat Pipe\"},\"image\":{\"@id\":\"https:\\\/\\\/fatpipe.fi\\\/fi\\\/#\\\/schema\\\/logo\\\/image\\\/\"},\"sameAs\":[\"https:\\\/\\\/www.facebook.com\\\/FatPipeFactory\\\/\",\"https:\\\/\\\/x.com\\\/FatPipeFactory\",\"https:\\\/\\\/www.instagram.com\\\/fatpipefactory\\\/\",\"https:\\\/\\\/www.youtube.com\\\/user\\\/FatPipeFinland\"]}]}<\/script>\n<!-- \/ Yoast SEO plugin. -->","yoast_head_json":{"title":"RAW CONCEPT BOW 28 SPD - Fat Pipe","robots":{"index":"index","follow":"follow","max-snippet":"max-snippet:-1","max-image-preview":"max-image-preview:large","max-video-preview":"max-video-preview:-1"},"canonical":"https:\/\/fatpipe.fi\/fi\/fatproduct\/sticks\/raw-concept\/raw-concept-bow-28-spd-2\/","og_locale":"fi_FI","og_type":"article","og_title":"RAW CONCEPT BOW 28 SPD - Fat Pipe","og_description":"Lighter is faster. Even in bow shape.  Raw Concept lightness in Bow shaft shape. Special curved shaft shape makes shooting easier by releasing the shaft little further. Fat Pipe\u2019s lightest stick for players whose passion is to feel the ball. Super fast and responsive carbon shaft with 11 layers and untreated finishing gives you keys control the ball accurately and smoothly. Faster handling in one hand. Medium shaft flex for versatile players. Sticky grip in white color. SPD blade - all you need and nothing more.  720723 Carbon bow shaft with 11 layers and untreated finishing \u00d825,5MM Shaft length: 101\/96cm Shaft flex: 28mm Grip: Sticky grip Blade: SPD PPH ghost white","og_url":"https:\/\/fatpipe.fi\/fi\/fatproduct\/sticks\/raw-concept\/raw-concept-bow-28-spd-2\/","og_site_name":"Fat Pipe","article_publisher":"https:\/\/www.facebook.com\/FatPipeFactory\/","article_modified_time":"2022-07-22T07:26:40+00:00","og_image":[{"width":2500,"height":2500,"url":"https:\/\/fatpipe.fi\/wp-content\/uploads\/2022\/03\/RAW-CONCEPT-BOW-28-SPD-720723-0001.jpg","type":"image\/jpeg"}],"twitter_card":"summary_large_image","twitter_site":"@FatPipeFactory","schema":{"@context":"https:\/\/schema.org","@graph":[{"@type":"WebPage","@id":"https:\/\/fatpipe.fi\/fatproduct\/sticks\/raw-concept\/raw-concept-bow-28-spd-2\/","url":"https:\/\/fatpipe.fi\/fatproduct\/sticks\/raw-concept\/raw-concept-bow-28-spd-2\/","name":"RAW CONCEPT BOW 28 SPD - Fat Pipe","isPartOf":{"@id":"https:\/\/fatpipe.fi\/fi\/#website"},"primaryImageOfPage":{"@id":"https:\/\/fatpipe.fi\/fatproduct\/sticks\/raw-concept\/raw-concept-bow-28-spd-2\/#primaryimage"},"image":{"@id":"https:\/\/fatpipe.fi\/fatproduct\/sticks\/raw-concept\/raw-concept-bow-28-spd-2\/#primaryimage"},"thumbnailUrl":"https:\/\/fatpipe.fi\/wp-content\/uploads\/2022\/03\/RAW-CONCEPT-BOW-28-SPD-720723-0001.jpg","datePublished":"2022-03-22T11:06:08+00:00","dateModified":"2022-07-22T07:26:40+00:00","breadcrumb":{"@id":"https:\/\/fatpipe.fi\/fatproduct\/sticks\/raw-concept\/raw-concept-bow-28-spd-2\/#breadcrumb"},"inLanguage":"fi","potentialAction":[{"@type":"ReadAction","target":["https:\/\/fatpipe.fi\/fatproduct\/sticks\/raw-concept\/raw-concept-bow-28-spd-2\/"]}]},{"@type":"ImageObject","inLanguage":"fi","@id":"https:\/\/fatpipe.fi\/fatproduct\/sticks\/raw-concept\/raw-concept-bow-28-spd-2\/#primaryimage","url":"https:\/\/fatpipe.fi\/wp-content\/uploads\/2022\/03\/RAW-CONCEPT-BOW-28-SPD-720723-0001.jpg","contentUrl":"https:\/\/fatpipe.fi\/wp-content\/uploads\/2022\/03\/RAW-CONCEPT-BOW-28-SPD-720723-0001.jpg","width":2500,"height":2500},{"@type":"BreadcrumbList","@id":"https:\/\/fatpipe.fi\/fatproduct\/sticks\/raw-concept\/raw-concept-bow-28-spd-2\/#breadcrumb","itemListElement":[{"@type":"ListItem","position":1,"name":"Home","item":"https:\/\/fatpipe.fi\/"},{"@type":"ListItem","position":2,"name":"Tuotteet","item":"https:\/\/fatpipe.fi\/fi\/shop\/"},{"@type":"ListItem","position":3,"name":"RAW CONCEPT BOW 28 SPD"}]},{"@type":"WebSite","@id":"https:\/\/fatpipe.fi\/fi\/#website","url":"https:\/\/fatpipe.fi\/fi\/","name":"Fat Pipe","description":"","publisher":{"@id":"https:\/\/fatpipe.fi\/fi\/#organization"},"potentialAction":[{"@type":"SearchAction","target":{"@type":"EntryPoint","urlTemplate":"https:\/\/fatpipe.fi\/fi\/?s={search_term_string}"},"query-input":{"@type":"PropertyValueSpecification","valueRequired":true,"valueName":"search_term_string"}}],"inLanguage":"fi"},{"@type":"Organization","@id":"https:\/\/fatpipe.fi\/fi\/#organization","name":"Fat Pipe","url":"https:\/\/fatpipe.fi\/fi\/","logo":{"@type":"ImageObject","inLanguage":"fi","@id":"https:\/\/fatpipe.fi\/fi\/#\/schema\/logo\/image\/","url":"https:\/\/fatpipe.fi\/wp-content\/uploads\/2020\/05\/FP-black-01.svg","contentUrl":"https:\/\/fatpipe.fi\/wp-content\/uploads\/2020\/05\/FP-black-01.svg","width":679,"height":519,"caption":"Fat Pipe"},"image":{"@id":"https:\/\/fatpipe.fi\/fi\/#\/schema\/logo\/image\/"},"sameAs":["https:\/\/www.facebook.com\/FatPipeFactory\/","https:\/\/x.com\/FatPipeFactory","https:\/\/www.instagram.com\/fatpipefactory\/","https:\/\/www.youtube.com\/user\/FatPipeFinland"]}]}},"_links":{"self":[{"href":"https:\/\/fatpipe.fi\/fi\/wp-json\/wp\/v2\/product\/30462","targetHints":{"allow":["GET"]}}],"collection":[{"href":"https:\/\/fatpipe.fi\/fi\/wp-json\/wp\/v2\/product"}],"about":[{"href":"https:\/\/fatpipe.fi\/fi\/wp-json\/wp\/v2\/types\/product"}],"version-history":[{"count":0,"href":"https:\/\/fatpipe.fi\/fi\/wp-json\/wp\/v2\/product\/30462\/revisions"}],"wp:featuredmedia":[{"embeddable":true,"href":"https:\/\/fatpipe.fi\/fi\/wp-json\/wp\/v2\/media\/30428"}],"wp:attachment":[{"href":"https:\/\/fatpipe.fi\/fi\/wp-json\/wp\/v2\/media?parent=30462"}],"wp:term":[{"taxonomy":"product_brand","embeddable":true,"href":"https:\/\/fatpipe.fi\/fi\/wp-json\/wp\/v2\/product_brand?post=30462"},{"taxonomy":"product_cat","embeddable":true,"href":"https:\/\/fatpipe.fi\/fi\/wp-json\/wp\/v2\/product_cat?post=30462"},{"taxonomy":"product_tag","embeddable":true,"href":"https:\/\/fatpipe.fi\/fi\/wp-json\/wp\/v2\/product_tag?post=30462"}],"curies":[{"name":"wp","href":"https:\/\/api.w.org\/{rel}","templated":true}]}}