{"id":30560,"date":"2022-03-22T11:28:58","date_gmt":"2022-03-22T11:28:58","guid":{"rendered":"https:\/\/fatpipe.fi\/?post_type=product&#038;p=30560"},"modified":"2022-07-26T07:50:49","modified_gmt":"2022-07-26T07:50:49","slug":"raw-concept-31-jab-fh2-2","status":"publish","type":"product","link":"https:\/\/fatpipe.fi\/fi\/fatproduct\/sticks\/raw-concept\/raw-concept-31-jab-fh2-2\/","title":{"rendered":"RAW CONCEPT 31 JAB FH2"},"content":{"rendered":"","protected":false},"excerpt":{"rendered":"<p>Kevyempi on nopeampi. My\u00f6s junioreilla.<\/p>\n<p>Fat Pipen kevein maila supernopeisiin liikkeisiin ja ratkaisuihin. Todella nopea ja reagoiva 11 kerroksinen hiilikuituvarsi hiomattomalla pinnalla nopeaan ja tarkkaan pallonk\u00e4sittelyyn. Kevytt\u00e4 mailaa helppoa k\u00e4sitell\u00e4 my\u00f6s yhdell\u00e4 k\u00e4dell\u00e4. Joustava varren taipuma junioripelaajille. Ohut ja superkevyt Raw Concept grippi. Laukojan unelmalapa Jab Factory Hookilla (FH2).<\/p>\n<p>721718<br \/>\nCarbon shaft with 11 layers and untreated finishing<br \/>\n\u00d825,5mm<br \/>\nShaft length: 92\/87\/82cm<br \/>\nShaft flex: 31mm<br \/>\nGrip: Raw Concept grip<br \/>\nBlade: Jab PPH space black FH2<\/p>","protected":false},"featured_media":30413,"template":"","meta":{"_acf_changed":false},"product_brand":[],"product_cat":[326,318,276],"product_tag":[396],"class_list":{"0":"post-30560","1":"product","2":"type-product","3":"status-publish","4":"has-post-thumbnail","6":"product_cat-jr","7":"product_cat-raw-concept","8":"product_cat-sticks","9":"product_tag-22-23","11":"first","12":"instock","13":"shipping-taxable","14":"purchasable","15":"product-type-variable"},"acf":[],"yoast_head":"<!-- This site is optimized with the Yoast SEO plugin v27.3 - https:\/\/yoast.com\/product\/yoast-seo-wordpress\/ -->\n<title>RAW CONCEPT 31 JAB FH2 - Fat Pipe<\/title>\n<meta name=\"robots\" content=\"index, follow, max-snippet:-1, max-image-preview:large, max-video-preview:-1\" \/>\n<link rel=\"canonical\" href=\"https:\/\/fatpipe.fi\/fi\/fatproduct\/sticks\/raw-concept\/raw-concept-31-jab-fh2-2\/\" \/>\n<meta property=\"og:locale\" content=\"fi_FI\" \/>\n<meta property=\"og:type\" content=\"article\" \/>\n<meta property=\"og:title\" content=\"RAW CONCEPT 31 JAB FH2 - Fat Pipe\" \/>\n<meta property=\"og:description\" content=\"Lighter is faster. For juniors.  Fat Pipe&#039;s lightest stick for players whose passion is to feel the ball. Super fast and responsive carbon shaft with 11 layers and untreated finishing gives you keys control the ball accurately and smoothly. Faster handling in one hand. Flexible shaft flex for junior players. Thin and super light Raw Concept grip. Shooters dream blade Jab with Factory Hook (FH2).  721718 Carbon shaft with 11 layers and untreated finishing \u00d825,5mm Shaft length: 92\/87\/82cm Shaft flex: 31mm Grip: Raw Concept grip Blade: Jab PPH space black FH2\" \/>\n<meta property=\"og:url\" content=\"https:\/\/fatpipe.fi\/fi\/fatproduct\/sticks\/raw-concept\/raw-concept-31-jab-fh2-2\/\" \/>\n<meta property=\"og:site_name\" content=\"Fat Pipe\" \/>\n<meta property=\"article:publisher\" content=\"https:\/\/www.facebook.com\/FatPipeFactory\/\" \/>\n<meta property=\"article:modified_time\" content=\"2022-07-26T07:50:49+00:00\" \/>\n<meta property=\"og:image\" content=\"https:\/\/fatpipe.fi\/wp-content\/uploads\/2022\/03\/RAW-CONCEPT-31-JAB-FH2-721718-0001.jpg\" \/>\n\t<meta property=\"og:image:width\" content=\"2500\" \/>\n\t<meta property=\"og:image:height\" content=\"2500\" \/>\n\t<meta property=\"og:image:type\" content=\"image\/jpeg\" \/>\n<meta name=\"twitter:card\" content=\"summary_large_image\" \/>\n<meta name=\"twitter:site\" content=\"@FatPipeFactory\" \/>\n<script type=\"application\/ld+json\" class=\"yoast-schema-graph\">{\"@context\":\"https:\\\/\\\/schema.org\",\"@graph\":[{\"@type\":\"WebPage\",\"@id\":\"https:\\\/\\\/fatpipe.fi\\\/fatproduct\\\/sticks\\\/raw-concept\\\/raw-concept-31-jab-fh2-2\\\/\",\"url\":\"https:\\\/\\\/fatpipe.fi\\\/fatproduct\\\/sticks\\\/raw-concept\\\/raw-concept-31-jab-fh2-2\\\/\",\"name\":\"RAW CONCEPT 31 JAB FH2 - Fat Pipe\",\"isPartOf\":{\"@id\":\"https:\\\/\\\/fatpipe.fi\\\/fi\\\/#website\"},\"primaryImageOfPage\":{\"@id\":\"https:\\\/\\\/fatpipe.fi\\\/fatproduct\\\/sticks\\\/raw-concept\\\/raw-concept-31-jab-fh2-2\\\/#primaryimage\"},\"image\":{\"@id\":\"https:\\\/\\\/fatpipe.fi\\\/fatproduct\\\/sticks\\\/raw-concept\\\/raw-concept-31-jab-fh2-2\\\/#primaryimage\"},\"thumbnailUrl\":\"https:\\\/\\\/fatpipe.fi\\\/wp-content\\\/uploads\\\/2022\\\/03\\\/RAW-CONCEPT-31-JAB-FH2-721718-0001.jpg\",\"datePublished\":\"2022-03-22T11:28:58+00:00\",\"dateModified\":\"2022-07-26T07:50:49+00:00\",\"breadcrumb\":{\"@id\":\"https:\\\/\\\/fatpipe.fi\\\/fatproduct\\\/sticks\\\/raw-concept\\\/raw-concept-31-jab-fh2-2\\\/#breadcrumb\"},\"inLanguage\":\"fi\",\"potentialAction\":[{\"@type\":\"ReadAction\",\"target\":[\"https:\\\/\\\/fatpipe.fi\\\/fatproduct\\\/sticks\\\/raw-concept\\\/raw-concept-31-jab-fh2-2\\\/\"]}]},{\"@type\":\"ImageObject\",\"inLanguage\":\"fi\",\"@id\":\"https:\\\/\\\/fatpipe.fi\\\/fatproduct\\\/sticks\\\/raw-concept\\\/raw-concept-31-jab-fh2-2\\\/#primaryimage\",\"url\":\"https:\\\/\\\/fatpipe.fi\\\/wp-content\\\/uploads\\\/2022\\\/03\\\/RAW-CONCEPT-31-JAB-FH2-721718-0001.jpg\",\"contentUrl\":\"https:\\\/\\\/fatpipe.fi\\\/wp-content\\\/uploads\\\/2022\\\/03\\\/RAW-CONCEPT-31-JAB-FH2-721718-0001.jpg\",\"width\":2500,\"height\":2500},{\"@type\":\"BreadcrumbList\",\"@id\":\"https:\\\/\\\/fatpipe.fi\\\/fatproduct\\\/sticks\\\/raw-concept\\\/raw-concept-31-jab-fh2-2\\\/#breadcrumb\",\"itemListElement\":[{\"@type\":\"ListItem\",\"position\":1,\"name\":\"Home\",\"item\":\"https:\\\/\\\/fatpipe.fi\\\/\"},{\"@type\":\"ListItem\",\"position\":2,\"name\":\"Tuotteet\",\"item\":\"https:\\\/\\\/fatpipe.fi\\\/fi\\\/shop\\\/\"},{\"@type\":\"ListItem\",\"position\":3,\"name\":\"RAW CONCEPT 31 JAB FH2\"}]},{\"@type\":\"WebSite\",\"@id\":\"https:\\\/\\\/fatpipe.fi\\\/fi\\\/#website\",\"url\":\"https:\\\/\\\/fatpipe.fi\\\/fi\\\/\",\"name\":\"Fat Pipe\",\"description\":\"\",\"publisher\":{\"@id\":\"https:\\\/\\\/fatpipe.fi\\\/fi\\\/#organization\"},\"potentialAction\":[{\"@type\":\"SearchAction\",\"target\":{\"@type\":\"EntryPoint\",\"urlTemplate\":\"https:\\\/\\\/fatpipe.fi\\\/fi\\\/?s={search_term_string}\"},\"query-input\":{\"@type\":\"PropertyValueSpecification\",\"valueRequired\":true,\"valueName\":\"search_term_string\"}}],\"inLanguage\":\"fi\"},{\"@type\":\"Organization\",\"@id\":\"https:\\\/\\\/fatpipe.fi\\\/fi\\\/#organization\",\"name\":\"Fat Pipe\",\"url\":\"https:\\\/\\\/fatpipe.fi\\\/fi\\\/\",\"logo\":{\"@type\":\"ImageObject\",\"inLanguage\":\"fi\",\"@id\":\"https:\\\/\\\/fatpipe.fi\\\/fi\\\/#\\\/schema\\\/logo\\\/image\\\/\",\"url\":\"https:\\\/\\\/fatpipe.fi\\\/wp-content\\\/uploads\\\/2020\\\/05\\\/FP-black-01.svg\",\"contentUrl\":\"https:\\\/\\\/fatpipe.fi\\\/wp-content\\\/uploads\\\/2020\\\/05\\\/FP-black-01.svg\",\"width\":679,\"height\":519,\"caption\":\"Fat Pipe\"},\"image\":{\"@id\":\"https:\\\/\\\/fatpipe.fi\\\/fi\\\/#\\\/schema\\\/logo\\\/image\\\/\"},\"sameAs\":[\"https:\\\/\\\/www.facebook.com\\\/FatPipeFactory\\\/\",\"https:\\\/\\\/x.com\\\/FatPipeFactory\",\"https:\\\/\\\/www.instagram.com\\\/fatpipefactory\\\/\",\"https:\\\/\\\/www.youtube.com\\\/user\\\/FatPipeFinland\"]}]}<\/script>\n<!-- \/ Yoast SEO plugin. -->","yoast_head_json":{"title":"RAW CONCEPT 31 JAB FH2 - Fat Pipe","robots":{"index":"index","follow":"follow","max-snippet":"max-snippet:-1","max-image-preview":"max-image-preview:large","max-video-preview":"max-video-preview:-1"},"canonical":"https:\/\/fatpipe.fi\/fi\/fatproduct\/sticks\/raw-concept\/raw-concept-31-jab-fh2-2\/","og_locale":"fi_FI","og_type":"article","og_title":"RAW CONCEPT 31 JAB FH2 - Fat Pipe","og_description":"Lighter is faster. For juniors.  Fat Pipe's lightest stick for players whose passion is to feel the ball. Super fast and responsive carbon shaft with 11 layers and untreated finishing gives you keys control the ball accurately and smoothly. Faster handling in one hand. Flexible shaft flex for junior players. Thin and super light Raw Concept grip. Shooters dream blade Jab with Factory Hook (FH2).  721718 Carbon shaft with 11 layers and untreated finishing \u00d825,5mm Shaft length: 92\/87\/82cm Shaft flex: 31mm Grip: Raw Concept grip Blade: Jab PPH space black FH2","og_url":"https:\/\/fatpipe.fi\/fi\/fatproduct\/sticks\/raw-concept\/raw-concept-31-jab-fh2-2\/","og_site_name":"Fat Pipe","article_publisher":"https:\/\/www.facebook.com\/FatPipeFactory\/","article_modified_time":"2022-07-26T07:50:49+00:00","og_image":[{"width":2500,"height":2500,"url":"https:\/\/fatpipe.fi\/wp-content\/uploads\/2022\/03\/RAW-CONCEPT-31-JAB-FH2-721718-0001.jpg","type":"image\/jpeg"}],"twitter_card":"summary_large_image","twitter_site":"@FatPipeFactory","schema":{"@context":"https:\/\/schema.org","@graph":[{"@type":"WebPage","@id":"https:\/\/fatpipe.fi\/fatproduct\/sticks\/raw-concept\/raw-concept-31-jab-fh2-2\/","url":"https:\/\/fatpipe.fi\/fatproduct\/sticks\/raw-concept\/raw-concept-31-jab-fh2-2\/","name":"RAW CONCEPT 31 JAB FH2 - Fat Pipe","isPartOf":{"@id":"https:\/\/fatpipe.fi\/fi\/#website"},"primaryImageOfPage":{"@id":"https:\/\/fatpipe.fi\/fatproduct\/sticks\/raw-concept\/raw-concept-31-jab-fh2-2\/#primaryimage"},"image":{"@id":"https:\/\/fatpipe.fi\/fatproduct\/sticks\/raw-concept\/raw-concept-31-jab-fh2-2\/#primaryimage"},"thumbnailUrl":"https:\/\/fatpipe.fi\/wp-content\/uploads\/2022\/03\/RAW-CONCEPT-31-JAB-FH2-721718-0001.jpg","datePublished":"2022-03-22T11:28:58+00:00","dateModified":"2022-07-26T07:50:49+00:00","breadcrumb":{"@id":"https:\/\/fatpipe.fi\/fatproduct\/sticks\/raw-concept\/raw-concept-31-jab-fh2-2\/#breadcrumb"},"inLanguage":"fi","potentialAction":[{"@type":"ReadAction","target":["https:\/\/fatpipe.fi\/fatproduct\/sticks\/raw-concept\/raw-concept-31-jab-fh2-2\/"]}]},{"@type":"ImageObject","inLanguage":"fi","@id":"https:\/\/fatpipe.fi\/fatproduct\/sticks\/raw-concept\/raw-concept-31-jab-fh2-2\/#primaryimage","url":"https:\/\/fatpipe.fi\/wp-content\/uploads\/2022\/03\/RAW-CONCEPT-31-JAB-FH2-721718-0001.jpg","contentUrl":"https:\/\/fatpipe.fi\/wp-content\/uploads\/2022\/03\/RAW-CONCEPT-31-JAB-FH2-721718-0001.jpg","width":2500,"height":2500},{"@type":"BreadcrumbList","@id":"https:\/\/fatpipe.fi\/fatproduct\/sticks\/raw-concept\/raw-concept-31-jab-fh2-2\/#breadcrumb","itemListElement":[{"@type":"ListItem","position":1,"name":"Home","item":"https:\/\/fatpipe.fi\/"},{"@type":"ListItem","position":2,"name":"Tuotteet","item":"https:\/\/fatpipe.fi\/fi\/shop\/"},{"@type":"ListItem","position":3,"name":"RAW CONCEPT 31 JAB FH2"}]},{"@type":"WebSite","@id":"https:\/\/fatpipe.fi\/fi\/#website","url":"https:\/\/fatpipe.fi\/fi\/","name":"Fat Pipe","description":"","publisher":{"@id":"https:\/\/fatpipe.fi\/fi\/#organization"},"potentialAction":[{"@type":"SearchAction","target":{"@type":"EntryPoint","urlTemplate":"https:\/\/fatpipe.fi\/fi\/?s={search_term_string}"},"query-input":{"@type":"PropertyValueSpecification","valueRequired":true,"valueName":"search_term_string"}}],"inLanguage":"fi"},{"@type":"Organization","@id":"https:\/\/fatpipe.fi\/fi\/#organization","name":"Fat Pipe","url":"https:\/\/fatpipe.fi\/fi\/","logo":{"@type":"ImageObject","inLanguage":"fi","@id":"https:\/\/fatpipe.fi\/fi\/#\/schema\/logo\/image\/","url":"https:\/\/fatpipe.fi\/wp-content\/uploads\/2020\/05\/FP-black-01.svg","contentUrl":"https:\/\/fatpipe.fi\/wp-content\/uploads\/2020\/05\/FP-black-01.svg","width":679,"height":519,"caption":"Fat Pipe"},"image":{"@id":"https:\/\/fatpipe.fi\/fi\/#\/schema\/logo\/image\/"},"sameAs":["https:\/\/www.facebook.com\/FatPipeFactory\/","https:\/\/x.com\/FatPipeFactory","https:\/\/www.instagram.com\/fatpipefactory\/","https:\/\/www.youtube.com\/user\/FatPipeFinland"]}]}},"_links":{"self":[{"href":"https:\/\/fatpipe.fi\/fi\/wp-json\/wp\/v2\/product\/30560","targetHints":{"allow":["GET"]}}],"collection":[{"href":"https:\/\/fatpipe.fi\/fi\/wp-json\/wp\/v2\/product"}],"about":[{"href":"https:\/\/fatpipe.fi\/fi\/wp-json\/wp\/v2\/types\/product"}],"version-history":[{"count":0,"href":"https:\/\/fatpipe.fi\/fi\/wp-json\/wp\/v2\/product\/30560\/revisions"}],"wp:featuredmedia":[{"embeddable":true,"href":"https:\/\/fatpipe.fi\/fi\/wp-json\/wp\/v2\/media\/30413"}],"wp:attachment":[{"href":"https:\/\/fatpipe.fi\/fi\/wp-json\/wp\/v2\/media?parent=30560"}],"wp:term":[{"taxonomy":"product_brand","embeddable":true,"href":"https:\/\/fatpipe.fi\/fi\/wp-json\/wp\/v2\/product_brand?post=30560"},{"taxonomy":"product_cat","embeddable":true,"href":"https:\/\/fatpipe.fi\/fi\/wp-json\/wp\/v2\/product_cat?post=30560"},{"taxonomy":"product_tag","embeddable":true,"href":"https:\/\/fatpipe.fi\/fi\/wp-json\/wp\/v2\/product_tag?post=30560"}],"curies":[{"name":"wp","href":"https:\/\/api.w.org\/{rel}","templated":true}]}}