{"id":30574,"date":"2022-03-22T11:31:30","date_gmt":"2022-03-22T11:31:30","guid":{"rendered":"https:\/\/fatpipe.fi\/?post_type=product&#038;p=30574"},"modified":"2022-07-26T07:56:16","modified_gmt":"2022-07-26T07:56:16","slug":"k-o-26-jab-fh2-2","status":"publish","type":"product","link":"https:\/\/fatpipe.fi\/fi\/fatproduct\/sticks\/k-o\/k-o-26-jab-fh2-2\/","title":{"rendered":"K.O. 26 JAB FH2"},"content":{"rendered":"","protected":false},"excerpt":{"rendered":"<p>Suunniteltu laukojille.<\/p>\n<p>Kevyt K.O. mailasarja on suunniteltu laukojille. 100% hiilikuituvarsi stabiloivilla hiilikuiduilla tekee laukomisesta helppoa ja todella nopeaa. Matalalla kick-pointilla nopeammat ja kontrolloidummat laukaukset, my\u00f6s ahtaasta tilasta. Stabiloivat kuidut my\u00f6s laskevat mailan painopistett\u00e4 antaen optimaalisen tasapainon laukomiseen ja pallonk\u00e4sittelyyn. Keskij\u00e4ykk\u00e4 varren taipuma monipuoliseen pelaamiseen. Pit\u00e4v\u00e4 Sticky grippi. Laukojan unelmalapa Jab Factory Hookilla (FH2).<\/p>\n<p>721709<br \/>\nK.O. carbon shaft with stabilizing carbon fibers<br \/>\n\u00d825,5mm<br \/>\nShaft length: 104\/101cm<br \/>\nShaft flex: 26mm<br \/>\nGrip: Sticky grip<br \/>\nBlade: Jab PPB diamond white FH2<\/p>","protected":false},"featured_media":30360,"template":"","meta":{"_acf_changed":false},"product_brand":[],"product_cat":[320,276],"product_tag":[396],"class_list":{"0":"post-30574","1":"product","2":"type-product","3":"status-publish","4":"has-post-thumbnail","6":"product_cat-k-o","7":"product_cat-sticks","8":"product_tag-22-23","10":"first","11":"instock","12":"shipping-taxable","13":"purchasable","14":"product-type-variable"},"acf":[],"yoast_head":"<!-- This site is optimized with the Yoast SEO plugin v27.4 - https:\/\/yoast.com\/product\/yoast-seo-wordpress\/ -->\n<title>K.O. 26 JAB FH2 - Fat Pipe<\/title>\n<meta name=\"robots\" content=\"index, follow, max-snippet:-1, max-image-preview:large, max-video-preview:-1\" \/>\n<link rel=\"canonical\" href=\"https:\/\/fatpipe.fi\/fi\/fatproduct\/sticks\/k-o\/k-o-26-jab-fh2-2\/\" \/>\n<meta property=\"og:locale\" content=\"fi_FI\" \/>\n<meta property=\"og:type\" content=\"article\" \/>\n<meta property=\"og:title\" content=\"K.O. 26 JAB FH2 - Fat Pipe\" \/>\n<meta property=\"og:description\" content=\"Designed for shooters.  Lightweight K.O. Series is designed for shooters. 100% Carbon shafts with stabilizing carbon fibers makes shooting easy and super fast. With low kick point shaft you get faster and more controlled release for your shots which make it easy to shoot in tight space. Also fibers lower the center point of the mass giving the optimal balance for shooting and controlling the ball. Medium shaft flex for versatile players. Sticky grip with sticky touch. Shooters dream blade Jab with Factory Hook (FH2).  721709 K.O. carbon shaft with stabilizing carbon fibers \u00d825,5mm Shaft length: 104\/101cm Shaft flex: 26mm Grip: Sticky grip Blade: Jab PPB diamond white FH2\" \/>\n<meta property=\"og:url\" content=\"https:\/\/fatpipe.fi\/fi\/fatproduct\/sticks\/k-o\/k-o-26-jab-fh2-2\/\" \/>\n<meta property=\"og:site_name\" content=\"Fat Pipe\" \/>\n<meta property=\"article:publisher\" content=\"https:\/\/www.facebook.com\/FatPipeFactory\/\" \/>\n<meta property=\"article:modified_time\" content=\"2022-07-26T07:56:16+00:00\" \/>\n<meta property=\"og:image\" content=\"https:\/\/fatpipe.fi\/wp-content\/uploads\/2022\/03\/K.O.-26-JAB-FH2-721709-0001.jpg\" \/>\n\t<meta property=\"og:image:width\" content=\"2500\" \/>\n\t<meta property=\"og:image:height\" content=\"2500\" \/>\n\t<meta property=\"og:image:type\" content=\"image\/jpeg\" \/>\n<meta name=\"twitter:card\" content=\"summary_large_image\" \/>\n<meta name=\"twitter:site\" content=\"@FatPipeFactory\" \/>\n<script type=\"application\/ld+json\" class=\"yoast-schema-graph\">{\"@context\":\"https:\\\/\\\/schema.org\",\"@graph\":[{\"@type\":\"WebPage\",\"@id\":\"https:\\\/\\\/fatpipe.fi\\\/fatproduct\\\/sticks\\\/k-o\\\/k-o-26-jab-fh2-2\\\/\",\"url\":\"https:\\\/\\\/fatpipe.fi\\\/fatproduct\\\/sticks\\\/k-o\\\/k-o-26-jab-fh2-2\\\/\",\"name\":\"K.O. 26 JAB FH2 - Fat Pipe\",\"isPartOf\":{\"@id\":\"https:\\\/\\\/fatpipe.fi\\\/fi\\\/#website\"},\"primaryImageOfPage\":{\"@id\":\"https:\\\/\\\/fatpipe.fi\\\/fatproduct\\\/sticks\\\/k-o\\\/k-o-26-jab-fh2-2\\\/#primaryimage\"},\"image\":{\"@id\":\"https:\\\/\\\/fatpipe.fi\\\/fatproduct\\\/sticks\\\/k-o\\\/k-o-26-jab-fh2-2\\\/#primaryimage\"},\"thumbnailUrl\":\"https:\\\/\\\/fatpipe.fi\\\/wp-content\\\/uploads\\\/2022\\\/03\\\/K.O.-26-JAB-FH2-721709-0001.jpg\",\"datePublished\":\"2022-03-22T11:31:30+00:00\",\"dateModified\":\"2022-07-26T07:56:16+00:00\",\"breadcrumb\":{\"@id\":\"https:\\\/\\\/fatpipe.fi\\\/fatproduct\\\/sticks\\\/k-o\\\/k-o-26-jab-fh2-2\\\/#breadcrumb\"},\"inLanguage\":\"fi\",\"potentialAction\":[{\"@type\":\"ReadAction\",\"target\":[\"https:\\\/\\\/fatpipe.fi\\\/fatproduct\\\/sticks\\\/k-o\\\/k-o-26-jab-fh2-2\\\/\"]}]},{\"@type\":\"ImageObject\",\"inLanguage\":\"fi\",\"@id\":\"https:\\\/\\\/fatpipe.fi\\\/fatproduct\\\/sticks\\\/k-o\\\/k-o-26-jab-fh2-2\\\/#primaryimage\",\"url\":\"https:\\\/\\\/fatpipe.fi\\\/wp-content\\\/uploads\\\/2022\\\/03\\\/K.O.-26-JAB-FH2-721709-0001.jpg\",\"contentUrl\":\"https:\\\/\\\/fatpipe.fi\\\/wp-content\\\/uploads\\\/2022\\\/03\\\/K.O.-26-JAB-FH2-721709-0001.jpg\",\"width\":2500,\"height\":2500},{\"@type\":\"BreadcrumbList\",\"@id\":\"https:\\\/\\\/fatpipe.fi\\\/fatproduct\\\/sticks\\\/k-o\\\/k-o-26-jab-fh2-2\\\/#breadcrumb\",\"itemListElement\":[{\"@type\":\"ListItem\",\"position\":1,\"name\":\"Home\",\"item\":\"https:\\\/\\\/fatpipe.fi\\\/\"},{\"@type\":\"ListItem\",\"position\":2,\"name\":\"Tuotteet\",\"item\":\"https:\\\/\\\/fatpipe.fi\\\/fi\\\/shop\\\/\"},{\"@type\":\"ListItem\",\"position\":3,\"name\":\"K.O. 26 JAB FH2\"}]},{\"@type\":\"WebSite\",\"@id\":\"https:\\\/\\\/fatpipe.fi\\\/fi\\\/#website\",\"url\":\"https:\\\/\\\/fatpipe.fi\\\/fi\\\/\",\"name\":\"Fat Pipe\",\"description\":\"\",\"publisher\":{\"@id\":\"https:\\\/\\\/fatpipe.fi\\\/fi\\\/#organization\"},\"potentialAction\":[{\"@type\":\"SearchAction\",\"target\":{\"@type\":\"EntryPoint\",\"urlTemplate\":\"https:\\\/\\\/fatpipe.fi\\\/fi\\\/?s={search_term_string}\"},\"query-input\":{\"@type\":\"PropertyValueSpecification\",\"valueRequired\":true,\"valueName\":\"search_term_string\"}}],\"inLanguage\":\"fi\"},{\"@type\":\"Organization\",\"@id\":\"https:\\\/\\\/fatpipe.fi\\\/fi\\\/#organization\",\"name\":\"Fat Pipe\",\"url\":\"https:\\\/\\\/fatpipe.fi\\\/fi\\\/\",\"logo\":{\"@type\":\"ImageObject\",\"inLanguage\":\"fi\",\"@id\":\"https:\\\/\\\/fatpipe.fi\\\/fi\\\/#\\\/schema\\\/logo\\\/image\\\/\",\"url\":\"https:\\\/\\\/fatpipe.fi\\\/wp-content\\\/uploads\\\/2020\\\/05\\\/FP-black-01.svg\",\"contentUrl\":\"https:\\\/\\\/fatpipe.fi\\\/wp-content\\\/uploads\\\/2020\\\/05\\\/FP-black-01.svg\",\"width\":679,\"height\":519,\"caption\":\"Fat Pipe\"},\"image\":{\"@id\":\"https:\\\/\\\/fatpipe.fi\\\/fi\\\/#\\\/schema\\\/logo\\\/image\\\/\"},\"sameAs\":[\"https:\\\/\\\/www.facebook.com\\\/FatPipeFactory\\\/\",\"https:\\\/\\\/x.com\\\/FatPipeFactory\",\"https:\\\/\\\/www.instagram.com\\\/fatpipefactory\\\/\",\"https:\\\/\\\/www.youtube.com\\\/user\\\/FatPipeFinland\"]}]}<\/script>\n<!-- \/ Yoast SEO plugin. -->","yoast_head_json":{"title":"K.O. 26 JAB FH2 - Fat Pipe","robots":{"index":"index","follow":"follow","max-snippet":"max-snippet:-1","max-image-preview":"max-image-preview:large","max-video-preview":"max-video-preview:-1"},"canonical":"https:\/\/fatpipe.fi\/fi\/fatproduct\/sticks\/k-o\/k-o-26-jab-fh2-2\/","og_locale":"fi_FI","og_type":"article","og_title":"K.O. 26 JAB FH2 - Fat Pipe","og_description":"Designed for shooters.  Lightweight K.O. Series is designed for shooters. 100% Carbon shafts with stabilizing carbon fibers makes shooting easy and super fast. With low kick point shaft you get faster and more controlled release for your shots which make it easy to shoot in tight space. Also fibers lower the center point of the mass giving the optimal balance for shooting and controlling the ball. Medium shaft flex for versatile players. Sticky grip with sticky touch. Shooters dream blade Jab with Factory Hook (FH2).  721709 K.O. carbon shaft with stabilizing carbon fibers \u00d825,5mm Shaft length: 104\/101cm Shaft flex: 26mm Grip: Sticky grip Blade: Jab PPB diamond white FH2","og_url":"https:\/\/fatpipe.fi\/fi\/fatproduct\/sticks\/k-o\/k-o-26-jab-fh2-2\/","og_site_name":"Fat Pipe","article_publisher":"https:\/\/www.facebook.com\/FatPipeFactory\/","article_modified_time":"2022-07-26T07:56:16+00:00","og_image":[{"width":2500,"height":2500,"url":"https:\/\/fatpipe.fi\/wp-content\/uploads\/2022\/03\/K.O.-26-JAB-FH2-721709-0001.jpg","type":"image\/jpeg"}],"twitter_card":"summary_large_image","twitter_site":"@FatPipeFactory","schema":{"@context":"https:\/\/schema.org","@graph":[{"@type":"WebPage","@id":"https:\/\/fatpipe.fi\/fatproduct\/sticks\/k-o\/k-o-26-jab-fh2-2\/","url":"https:\/\/fatpipe.fi\/fatproduct\/sticks\/k-o\/k-o-26-jab-fh2-2\/","name":"K.O. 26 JAB FH2 - Fat Pipe","isPartOf":{"@id":"https:\/\/fatpipe.fi\/fi\/#website"},"primaryImageOfPage":{"@id":"https:\/\/fatpipe.fi\/fatproduct\/sticks\/k-o\/k-o-26-jab-fh2-2\/#primaryimage"},"image":{"@id":"https:\/\/fatpipe.fi\/fatproduct\/sticks\/k-o\/k-o-26-jab-fh2-2\/#primaryimage"},"thumbnailUrl":"https:\/\/fatpipe.fi\/wp-content\/uploads\/2022\/03\/K.O.-26-JAB-FH2-721709-0001.jpg","datePublished":"2022-03-22T11:31:30+00:00","dateModified":"2022-07-26T07:56:16+00:00","breadcrumb":{"@id":"https:\/\/fatpipe.fi\/fatproduct\/sticks\/k-o\/k-o-26-jab-fh2-2\/#breadcrumb"},"inLanguage":"fi","potentialAction":[{"@type":"ReadAction","target":["https:\/\/fatpipe.fi\/fatproduct\/sticks\/k-o\/k-o-26-jab-fh2-2\/"]}]},{"@type":"ImageObject","inLanguage":"fi","@id":"https:\/\/fatpipe.fi\/fatproduct\/sticks\/k-o\/k-o-26-jab-fh2-2\/#primaryimage","url":"https:\/\/fatpipe.fi\/wp-content\/uploads\/2022\/03\/K.O.-26-JAB-FH2-721709-0001.jpg","contentUrl":"https:\/\/fatpipe.fi\/wp-content\/uploads\/2022\/03\/K.O.-26-JAB-FH2-721709-0001.jpg","width":2500,"height":2500},{"@type":"BreadcrumbList","@id":"https:\/\/fatpipe.fi\/fatproduct\/sticks\/k-o\/k-o-26-jab-fh2-2\/#breadcrumb","itemListElement":[{"@type":"ListItem","position":1,"name":"Home","item":"https:\/\/fatpipe.fi\/"},{"@type":"ListItem","position":2,"name":"Tuotteet","item":"https:\/\/fatpipe.fi\/fi\/shop\/"},{"@type":"ListItem","position":3,"name":"K.O. 26 JAB FH2"}]},{"@type":"WebSite","@id":"https:\/\/fatpipe.fi\/fi\/#website","url":"https:\/\/fatpipe.fi\/fi\/","name":"Fat Pipe","description":"","publisher":{"@id":"https:\/\/fatpipe.fi\/fi\/#organization"},"potentialAction":[{"@type":"SearchAction","target":{"@type":"EntryPoint","urlTemplate":"https:\/\/fatpipe.fi\/fi\/?s={search_term_string}"},"query-input":{"@type":"PropertyValueSpecification","valueRequired":true,"valueName":"search_term_string"}}],"inLanguage":"fi"},{"@type":"Organization","@id":"https:\/\/fatpipe.fi\/fi\/#organization","name":"Fat Pipe","url":"https:\/\/fatpipe.fi\/fi\/","logo":{"@type":"ImageObject","inLanguage":"fi","@id":"https:\/\/fatpipe.fi\/fi\/#\/schema\/logo\/image\/","url":"https:\/\/fatpipe.fi\/wp-content\/uploads\/2020\/05\/FP-black-01.svg","contentUrl":"https:\/\/fatpipe.fi\/wp-content\/uploads\/2020\/05\/FP-black-01.svg","width":679,"height":519,"caption":"Fat Pipe"},"image":{"@id":"https:\/\/fatpipe.fi\/fi\/#\/schema\/logo\/image\/"},"sameAs":["https:\/\/www.facebook.com\/FatPipeFactory\/","https:\/\/x.com\/FatPipeFactory","https:\/\/www.instagram.com\/fatpipefactory\/","https:\/\/www.youtube.com\/user\/FatPipeFinland"]}]}},"_links":{"self":[{"href":"https:\/\/fatpipe.fi\/fi\/wp-json\/wp\/v2\/product\/30574","targetHints":{"allow":["GET"]}}],"collection":[{"href":"https:\/\/fatpipe.fi\/fi\/wp-json\/wp\/v2\/product"}],"about":[{"href":"https:\/\/fatpipe.fi\/fi\/wp-json\/wp\/v2\/types\/product"}],"version-history":[{"count":0,"href":"https:\/\/fatpipe.fi\/fi\/wp-json\/wp\/v2\/product\/30574\/revisions"}],"wp:featuredmedia":[{"embeddable":true,"href":"https:\/\/fatpipe.fi\/fi\/wp-json\/wp\/v2\/media\/30360"}],"wp:attachment":[{"href":"https:\/\/fatpipe.fi\/fi\/wp-json\/wp\/v2\/media?parent=30574"}],"wp:term":[{"taxonomy":"product_brand","embeddable":true,"href":"https:\/\/fatpipe.fi\/fi\/wp-json\/wp\/v2\/product_brand?post=30574"},{"taxonomy":"product_cat","embeddable":true,"href":"https:\/\/fatpipe.fi\/fi\/wp-json\/wp\/v2\/product_cat?post=30574"},{"taxonomy":"product_tag","embeddable":true,"href":"https:\/\/fatpipe.fi\/fi\/wp-json\/wp\/v2\/product_tag?post=30574"}],"curies":[{"name":"wp","href":"https:\/\/api.w.org\/{rel}","templated":true}]}}