{"id":30642,"date":"2022-03-22T11:50:11","date_gmt":"2022-03-22T11:50:11","guid":{"rendered":"https:\/\/fatpipe.fi\/?post_type=product&#038;p=30642"},"modified":"2022-08-03T11:36:38","modified_gmt":"2022-08-03T11:36:38","slug":"core-27-orc-fhpm","status":"publish","type":"product","link":"https:\/\/fatpipe.fi\/fi\/fatproduct\/sticks\/core\/core-27-orc-fhpm\/","title":{"rendered":"CORE 27 ORC FHPM"},"content":{"rendered":"","protected":false},"excerpt":{"rendered":"<p>Kontrollin ja tunteen ytimess\u00e4.<\/p>\n<p>Huippupelaajat ovat jo vuosia luottaneet Fat Pipen Core-mailasarjan varsiin. Carbon composite-hiilikuitukomposiittivarsi on monipuolisin Fat Pipen valmistama varsi loistavalla kest\u00e4vyydell\u00e4, kontrollilla ja tuntumalla. Keskij\u00e4ykk\u00e4 varren taipuma monipuoliseen pelaamiseen. Extra pit\u00e4v\u00e4 ja miellytt\u00e4v\u00e4 Wetter The Better Grippi. Monipuolinen pelinrakentajan lapa Orc Playmaker Factory Hook -esik\u00e4yristyksell\u00e4 (FHPM).<\/p>\n<p>721701<br \/>\nCarbon composite shaft<br \/>\n\u00d825,5mm<br \/>\nShaft length: 103\/101\/96cm<br \/>\nShaft flex: 27mm<br \/>\nGrip: Wetter The Better grip<br \/>\nBlade: Orc PPB diamond white FHPM<\/p>","protected":false},"featured_media":30325,"template":"","meta":{"_acf_changed":false},"product_brand":[],"product_cat":[322,276],"product_tag":[396],"class_list":{"0":"post-30642","1":"product","2":"type-product","3":"status-publish","4":"has-post-thumbnail","6":"product_cat-core","7":"product_cat-sticks","8":"product_tag-22-23","10":"first","11":"instock","12":"shipping-taxable","13":"purchasable","14":"product-type-variable"},"acf":[],"yoast_head":"<!-- This site is optimized with the Yoast SEO plugin v27.4 - https:\/\/yoast.com\/product\/yoast-seo-wordpress\/ -->\n<title>CORE 27 ORC FHPM - Fat Pipe<\/title>\n<meta name=\"robots\" content=\"index, follow, max-snippet:-1, max-image-preview:large, max-video-preview:-1\" \/>\n<link rel=\"canonical\" href=\"https:\/\/fatpipe.fi\/fi\/fatproduct\/sticks\/core\/core-27-orc-fhpm\/\" \/>\n<meta property=\"og:locale\" content=\"fi_FI\" \/>\n<meta property=\"og:type\" content=\"article\" \/>\n<meta property=\"og:title\" content=\"CORE 27 ORC FHPM - Fat Pipe\" \/>\n<meta property=\"og:description\" content=\"Control and feel, at its Core.  Fat Pipe\u2019s Core stick series shafts has been trusted by top players over many years. Carbon composite shaft is the most versatile shaft Fat Pipe have ever made with combination of durability, control and feel. Medium shaft flex for versatile players. Extra sticky and comfort Wetter The Better grip. Ultimate versatile playmaker blade Orc with Playmaker Factory Hook (FHPM).  721701 Carbon composite shaft \u00d825,5mm Shaft length: 103\/101\/96cm Shaft flex: 27mm Grip: Wetter The Better grip Blade: Orc PPB diamond white FHPM\" \/>\n<meta property=\"og:url\" content=\"https:\/\/fatpipe.fi\/fi\/fatproduct\/sticks\/core\/core-27-orc-fhpm\/\" \/>\n<meta property=\"og:site_name\" content=\"Fat Pipe\" \/>\n<meta property=\"article:publisher\" content=\"https:\/\/www.facebook.com\/FatPipeFactory\/\" \/>\n<meta property=\"article:modified_time\" content=\"2022-08-03T11:36:38+00:00\" \/>\n<meta property=\"og:image\" content=\"https:\/\/fatpipe.fi\/wp-content\/uploads\/2022\/03\/CORE-27-ORC-FHPM-721701-0001.jpg\" \/>\n\t<meta property=\"og:image:width\" content=\"2500\" \/>\n\t<meta property=\"og:image:height\" content=\"2500\" \/>\n\t<meta property=\"og:image:type\" content=\"image\/jpeg\" \/>\n<meta name=\"twitter:card\" content=\"summary_large_image\" \/>\n<meta name=\"twitter:site\" content=\"@FatPipeFactory\" \/>\n<script type=\"application\/ld+json\" class=\"yoast-schema-graph\">{\"@context\":\"https:\\\/\\\/schema.org\",\"@graph\":[{\"@type\":\"WebPage\",\"@id\":\"https:\\\/\\\/fatpipe.fi\\\/fatproduct\\\/sticks\\\/core\\\/core-27-orc-fhpm\\\/\",\"url\":\"https:\\\/\\\/fatpipe.fi\\\/fatproduct\\\/sticks\\\/core\\\/core-27-orc-fhpm\\\/\",\"name\":\"CORE 27 ORC FHPM - Fat Pipe\",\"isPartOf\":{\"@id\":\"https:\\\/\\\/fatpipe.fi\\\/fi\\\/#website\"},\"primaryImageOfPage\":{\"@id\":\"https:\\\/\\\/fatpipe.fi\\\/fatproduct\\\/sticks\\\/core\\\/core-27-orc-fhpm\\\/#primaryimage\"},\"image\":{\"@id\":\"https:\\\/\\\/fatpipe.fi\\\/fatproduct\\\/sticks\\\/core\\\/core-27-orc-fhpm\\\/#primaryimage\"},\"thumbnailUrl\":\"https:\\\/\\\/fatpipe.fi\\\/wp-content\\\/uploads\\\/2022\\\/03\\\/CORE-27-ORC-FHPM-721701-0001.jpg\",\"datePublished\":\"2022-03-22T11:50:11+00:00\",\"dateModified\":\"2022-08-03T11:36:38+00:00\",\"breadcrumb\":{\"@id\":\"https:\\\/\\\/fatpipe.fi\\\/fatproduct\\\/sticks\\\/core\\\/core-27-orc-fhpm\\\/#breadcrumb\"},\"inLanguage\":\"fi\",\"potentialAction\":[{\"@type\":\"ReadAction\",\"target\":[\"https:\\\/\\\/fatpipe.fi\\\/fatproduct\\\/sticks\\\/core\\\/core-27-orc-fhpm\\\/\"]}]},{\"@type\":\"ImageObject\",\"inLanguage\":\"fi\",\"@id\":\"https:\\\/\\\/fatpipe.fi\\\/fatproduct\\\/sticks\\\/core\\\/core-27-orc-fhpm\\\/#primaryimage\",\"url\":\"https:\\\/\\\/fatpipe.fi\\\/wp-content\\\/uploads\\\/2022\\\/03\\\/CORE-27-ORC-FHPM-721701-0001.jpg\",\"contentUrl\":\"https:\\\/\\\/fatpipe.fi\\\/wp-content\\\/uploads\\\/2022\\\/03\\\/CORE-27-ORC-FHPM-721701-0001.jpg\",\"width\":2500,\"height\":2500},{\"@type\":\"BreadcrumbList\",\"@id\":\"https:\\\/\\\/fatpipe.fi\\\/fatproduct\\\/sticks\\\/core\\\/core-27-orc-fhpm\\\/#breadcrumb\",\"itemListElement\":[{\"@type\":\"ListItem\",\"position\":1,\"name\":\"Home\",\"item\":\"https:\\\/\\\/fatpipe.fi\\\/\"},{\"@type\":\"ListItem\",\"position\":2,\"name\":\"Tuotteet\",\"item\":\"https:\\\/\\\/fatpipe.fi\\\/fi\\\/shop\\\/\"},{\"@type\":\"ListItem\",\"position\":3,\"name\":\"CORE 27 ORC FHPM\"}]},{\"@type\":\"WebSite\",\"@id\":\"https:\\\/\\\/fatpipe.fi\\\/fi\\\/#website\",\"url\":\"https:\\\/\\\/fatpipe.fi\\\/fi\\\/\",\"name\":\"Fat Pipe\",\"description\":\"\",\"publisher\":{\"@id\":\"https:\\\/\\\/fatpipe.fi\\\/fi\\\/#organization\"},\"potentialAction\":[{\"@type\":\"SearchAction\",\"target\":{\"@type\":\"EntryPoint\",\"urlTemplate\":\"https:\\\/\\\/fatpipe.fi\\\/fi\\\/?s={search_term_string}\"},\"query-input\":{\"@type\":\"PropertyValueSpecification\",\"valueRequired\":true,\"valueName\":\"search_term_string\"}}],\"inLanguage\":\"fi\"},{\"@type\":\"Organization\",\"@id\":\"https:\\\/\\\/fatpipe.fi\\\/fi\\\/#organization\",\"name\":\"Fat Pipe\",\"url\":\"https:\\\/\\\/fatpipe.fi\\\/fi\\\/\",\"logo\":{\"@type\":\"ImageObject\",\"inLanguage\":\"fi\",\"@id\":\"https:\\\/\\\/fatpipe.fi\\\/fi\\\/#\\\/schema\\\/logo\\\/image\\\/\",\"url\":\"https:\\\/\\\/fatpipe.fi\\\/wp-content\\\/uploads\\\/2020\\\/05\\\/FP-black-01.svg\",\"contentUrl\":\"https:\\\/\\\/fatpipe.fi\\\/wp-content\\\/uploads\\\/2020\\\/05\\\/FP-black-01.svg\",\"width\":679,\"height\":519,\"caption\":\"Fat Pipe\"},\"image\":{\"@id\":\"https:\\\/\\\/fatpipe.fi\\\/fi\\\/#\\\/schema\\\/logo\\\/image\\\/\"},\"sameAs\":[\"https:\\\/\\\/www.facebook.com\\\/FatPipeFactory\\\/\",\"https:\\\/\\\/x.com\\\/FatPipeFactory\",\"https:\\\/\\\/www.instagram.com\\\/fatpipefactory\\\/\",\"https:\\\/\\\/www.youtube.com\\\/user\\\/FatPipeFinland\"]}]}<\/script>\n<!-- \/ Yoast SEO plugin. -->","yoast_head_json":{"title":"CORE 27 ORC FHPM - Fat Pipe","robots":{"index":"index","follow":"follow","max-snippet":"max-snippet:-1","max-image-preview":"max-image-preview:large","max-video-preview":"max-video-preview:-1"},"canonical":"https:\/\/fatpipe.fi\/fi\/fatproduct\/sticks\/core\/core-27-orc-fhpm\/","og_locale":"fi_FI","og_type":"article","og_title":"CORE 27 ORC FHPM - Fat Pipe","og_description":"Control and feel, at its Core.  Fat Pipe\u2019s Core stick series shafts has been trusted by top players over many years. Carbon composite shaft is the most versatile shaft Fat Pipe have ever made with combination of durability, control and feel. Medium shaft flex for versatile players. Extra sticky and comfort Wetter The Better grip. Ultimate versatile playmaker blade Orc with Playmaker Factory Hook (FHPM).  721701 Carbon composite shaft \u00d825,5mm Shaft length: 103\/101\/96cm Shaft flex: 27mm Grip: Wetter The Better grip Blade: Orc PPB diamond white FHPM","og_url":"https:\/\/fatpipe.fi\/fi\/fatproduct\/sticks\/core\/core-27-orc-fhpm\/","og_site_name":"Fat Pipe","article_publisher":"https:\/\/www.facebook.com\/FatPipeFactory\/","article_modified_time":"2022-08-03T11:36:38+00:00","og_image":[{"width":2500,"height":2500,"url":"https:\/\/fatpipe.fi\/wp-content\/uploads\/2022\/03\/CORE-27-ORC-FHPM-721701-0001.jpg","type":"image\/jpeg"}],"twitter_card":"summary_large_image","twitter_site":"@FatPipeFactory","schema":{"@context":"https:\/\/schema.org","@graph":[{"@type":"WebPage","@id":"https:\/\/fatpipe.fi\/fatproduct\/sticks\/core\/core-27-orc-fhpm\/","url":"https:\/\/fatpipe.fi\/fatproduct\/sticks\/core\/core-27-orc-fhpm\/","name":"CORE 27 ORC FHPM - Fat Pipe","isPartOf":{"@id":"https:\/\/fatpipe.fi\/fi\/#website"},"primaryImageOfPage":{"@id":"https:\/\/fatpipe.fi\/fatproduct\/sticks\/core\/core-27-orc-fhpm\/#primaryimage"},"image":{"@id":"https:\/\/fatpipe.fi\/fatproduct\/sticks\/core\/core-27-orc-fhpm\/#primaryimage"},"thumbnailUrl":"https:\/\/fatpipe.fi\/wp-content\/uploads\/2022\/03\/CORE-27-ORC-FHPM-721701-0001.jpg","datePublished":"2022-03-22T11:50:11+00:00","dateModified":"2022-08-03T11:36:38+00:00","breadcrumb":{"@id":"https:\/\/fatpipe.fi\/fatproduct\/sticks\/core\/core-27-orc-fhpm\/#breadcrumb"},"inLanguage":"fi","potentialAction":[{"@type":"ReadAction","target":["https:\/\/fatpipe.fi\/fatproduct\/sticks\/core\/core-27-orc-fhpm\/"]}]},{"@type":"ImageObject","inLanguage":"fi","@id":"https:\/\/fatpipe.fi\/fatproduct\/sticks\/core\/core-27-orc-fhpm\/#primaryimage","url":"https:\/\/fatpipe.fi\/wp-content\/uploads\/2022\/03\/CORE-27-ORC-FHPM-721701-0001.jpg","contentUrl":"https:\/\/fatpipe.fi\/wp-content\/uploads\/2022\/03\/CORE-27-ORC-FHPM-721701-0001.jpg","width":2500,"height":2500},{"@type":"BreadcrumbList","@id":"https:\/\/fatpipe.fi\/fatproduct\/sticks\/core\/core-27-orc-fhpm\/#breadcrumb","itemListElement":[{"@type":"ListItem","position":1,"name":"Home","item":"https:\/\/fatpipe.fi\/"},{"@type":"ListItem","position":2,"name":"Tuotteet","item":"https:\/\/fatpipe.fi\/fi\/shop\/"},{"@type":"ListItem","position":3,"name":"CORE 27 ORC FHPM"}]},{"@type":"WebSite","@id":"https:\/\/fatpipe.fi\/fi\/#website","url":"https:\/\/fatpipe.fi\/fi\/","name":"Fat Pipe","description":"","publisher":{"@id":"https:\/\/fatpipe.fi\/fi\/#organization"},"potentialAction":[{"@type":"SearchAction","target":{"@type":"EntryPoint","urlTemplate":"https:\/\/fatpipe.fi\/fi\/?s={search_term_string}"},"query-input":{"@type":"PropertyValueSpecification","valueRequired":true,"valueName":"search_term_string"}}],"inLanguage":"fi"},{"@type":"Organization","@id":"https:\/\/fatpipe.fi\/fi\/#organization","name":"Fat Pipe","url":"https:\/\/fatpipe.fi\/fi\/","logo":{"@type":"ImageObject","inLanguage":"fi","@id":"https:\/\/fatpipe.fi\/fi\/#\/schema\/logo\/image\/","url":"https:\/\/fatpipe.fi\/wp-content\/uploads\/2020\/05\/FP-black-01.svg","contentUrl":"https:\/\/fatpipe.fi\/wp-content\/uploads\/2020\/05\/FP-black-01.svg","width":679,"height":519,"caption":"Fat Pipe"},"image":{"@id":"https:\/\/fatpipe.fi\/fi\/#\/schema\/logo\/image\/"},"sameAs":["https:\/\/www.facebook.com\/FatPipeFactory\/","https:\/\/x.com\/FatPipeFactory","https:\/\/www.instagram.com\/fatpipefactory\/","https:\/\/www.youtube.com\/user\/FatPipeFinland"]}]}},"_links":{"self":[{"href":"https:\/\/fatpipe.fi\/fi\/wp-json\/wp\/v2\/product\/30642","targetHints":{"allow":["GET"]}}],"collection":[{"href":"https:\/\/fatpipe.fi\/fi\/wp-json\/wp\/v2\/product"}],"about":[{"href":"https:\/\/fatpipe.fi\/fi\/wp-json\/wp\/v2\/types\/product"}],"version-history":[{"count":0,"href":"https:\/\/fatpipe.fi\/fi\/wp-json\/wp\/v2\/product\/30642\/revisions"}],"wp:featuredmedia":[{"embeddable":true,"href":"https:\/\/fatpipe.fi\/fi\/wp-json\/wp\/v2\/media\/30325"}],"wp:attachment":[{"href":"https:\/\/fatpipe.fi\/fi\/wp-json\/wp\/v2\/media?parent=30642"}],"wp:term":[{"taxonomy":"product_brand","embeddable":true,"href":"https:\/\/fatpipe.fi\/fi\/wp-json\/wp\/v2\/product_brand?post=30642"},{"taxonomy":"product_cat","embeddable":true,"href":"https:\/\/fatpipe.fi\/fi\/wp-json\/wp\/v2\/product_cat?post=30642"},{"taxonomy":"product_tag","embeddable":true,"href":"https:\/\/fatpipe.fi\/fi\/wp-json\/wp\/v2\/product_tag?post=30642"}],"curies":[{"name":"wp","href":"https:\/\/api.w.org\/{rel}","templated":true}]}}